{"id":33,"date":"2015-05-13T20:41:26","date_gmt":"2015-05-13T19:41:26","guid":{"rendered":"http:\/\/sportprobrno.cz\/cpxco\/?page_id=33"},"modified":"2022-03-11T14:16:49","modified_gmt":"2022-03-11T13:16:49","slug":"rozpis","status":"publish","type":"page","link":"https:\/\/sportprobrno.cz\/cpxco\/rozpis\/","title":{"rendered":"Rozpis"},"content":{"rendered":"<p><strong>IZOMAT MTB CUP 2022<\/strong><\/p>\n<p><strong>Kategorie, P\u0159ihl\u00e1\u0161ky<\/strong>:<\/p>\n<p>&#8211; registrace na z\u00e1vod je mo\u017en\u00e1 pouze on-line prost\u0159ednictv\u00edm\u00a0 internetu <a href=\"https:\/\/csc.sportsoft.cz\/startreg.aspx?m=295\" target=\"_blank\" rel=\"noopener\"><strong>REGISTRACE<\/strong><\/a> nebo <strong><a href=\"https:\/\/cycling.sportsoft.cz\/\" target=\"_blank\" rel=\"noopener\">www.poharmtb.cz<\/a><\/strong><\/p>\n<p>&#8211; nejpozd\u011bji \u00a0je mo\u017eno se p\u0159ihl\u00e1sit do <strong>\u010dtvrtka 31.3.2022 do 12:00<\/strong>.<\/p>\n<p>&#8211; startovn\u00e9 mus\u00ed z\u00e1vodn\u00edk b\u011bhem p\u0159ihla\u0161ov\u00e1n\u00ed p\u0159es internet uhradit on-line platbou platebn\u00ed kartou dle instrukc\u00ed na p\u0159ihla\u0161ovac\u00ed str\u00e1nce. Tato platba prob\u011bhne automaticky ihned po p\u0159ihl\u00e1\u0161en\u00ed do z\u00e1vodu. Bez platby nen\u00ed p\u0159ihl\u00e1\u0161ka do z\u00e1vodu platn\u00e1 a takov\u00fd z\u00e1vodn\u00edk bude ze startovn\u00ed listiny vy\u0159azen<br \/>\n&#8211; v\u0161ichni z\u00e1vodn\u00edci jsou povinni vyzvednout si startovn\u00ed \u010d\u00edsla v\u00a0kancel\u00e1\u0159i z\u00e1vodu v souladu s\u00a0\u010dasov\u00fdm pl\u00e1nem z\u00e1vodu, nejd\u00e9le <strong>v\u0161ak 60 minut <\/strong>p\u0159ed startem kategorie.<\/p>\n<p><strong>Startovn\u00e9:<\/strong><\/p>\n<p>D\u011btsk\u00e9 kategorie\u00a0\u00a0\u00a0\u00a0\u00a0\u00a0\u00a0\u00a0\u00a0\u00a0\u00a0 \u00a0\u00a0\u00a0\u00a0\u00a0\u00a0\u00a0\u00a0\u00a0\u00a0\u00a0\u00a0\u00a0\u00a0\u00a0 \u00a0\u00a0\u00a0\u00a0\u00a0\u00a0\u00a0\u00a0\u00a0\u00a0\u00a0\u00a0\u00a0\u00a0\u00a0\u00a0\u00a0\u00a0\u00a0\u00a0\u00a0\u00a0\u00a0\u00a0\u00a0\u00a0\u00a0\u00a0\u00a0\u00a0\u00a0\u00a0\u00a0\u00a0\u00a0\u00a0\u00a0\u00a0\u00a0\u00a0\u00a0\u00a0\u00a0\u00a0\u00a0\u00a0 150,- CZK<\/p>\n<p>\u017d\u00e1ci, \u017e\u00e1kyn\u011b \u00a0\u00a0\u00a0\u00a0\u00a0\u00a0\u00a0\u00a0\u00a0\u00a0\u00a0\u00a0\u00a0\u00a0\u00a0\u00a0\u00a0\u00a0\u00a0\u00a0\u00a0 \u00a0\u00a0\u00a0\u00a0\u00a0\u00a0\u00a0\u00a0\u00a0\u00a0\u00a0\u00a0\u00a0\u00a0\u00a0\u00a0\u00a0\u00a0\u00a0\u00a0\u00a0\u00a0\u00a0\u00a0\u00a0\u00a0\u00a0\u00a0\u00a0\u00a0\u00a0\u00a0\u00a0\u00a0\u00a0\u00a0\u00a0\u00a0\u00a0\u00a0\u00a0\u00a0\u00a0\u00a0\u00a0\u00a0\u00a0\u00a0\u00a0\u00a0\u00a0\u00a0\u00a0\u00a0\u00a0\u00a0\u00a0\u00a0\u00a0 300,- CZK<\/p>\n<p>Junio\u0159i Juniorky, Kadeti, Kadetky, Expert, Masters\u00a0\u00a0\u00a0\u00a0\u00a0\u00a0\u00a0 \u00a0 \u00a0 \u00a0 \u00a0 \u00a0\u00a0 500,- CZK<br \/>\nElita\/U23, \u017deny \/U23\u00a0\u00a0\u00a0\u00a0\u00a0 \u00a0\u00a0\u00a0\u00a0\u00a0\u00a0\u00a0\u00a0\u00a0\u00a0\u00a0\u00a0\u00a0\u00a0\u00a0\u00a0\u00a0\u00a0\u00a0\u00a0\u00a0\u00a0\u00a0\u00a0\u00a0\u00a0\u00a0\u00a0\u00a0\u00a0 \u00a0\u00a0\u00a0\u00a0\u00a0\u00a0\u00a0\u00a0\u00a0\u00a0\u00a0\u00a0\u00a0\u00a0\u00a0 \u00a0\u00a0\u00a0\u00a0\u00a0\u00a0\u00a0\u00a0\u00a0\u00a0\u00a0\u00a0\u00a0\u00a0\u00a0 600,- CZK<\/p>\n<p><strong>Ceny<\/strong>:\u00a0 (v CZK)<\/p>\n<p>Finan\u010dn\u00ed ceny (v CZK)<\/p>\n<p><strong><u>Elita Mu\u017ei\/Elita \u017deny C1 <\/u><\/strong><\/p>\n<table>\n<tbody>\n<tr>\n<td width=\"48\">Po\u0159ad\u00ed<\/td>\n<td width=\"59\">1.<\/td>\n<td width=\"56\">2.<\/td>\n<td width=\"56\">3.<\/td>\n<td width=\"56\">4.<\/td>\n<td width=\"56\">5.<\/td>\n<td width=\"56\">6.<\/td>\n<td width=\"56\">7.<\/td>\n<td width=\"56\">8.<\/td>\n<td width=\"56\">9.<\/td>\n<td width=\"56\">10.<\/td>\n<\/tr>\n<tr>\n<td width=\"48\">\u010c\u00e1stka<\/td>\n<td width=\"59\"><strong>11000<\/strong><\/td>\n<td width=\"56\"><strong>9500<\/strong><\/td>\n<td width=\"56\"><strong>7500<\/strong><\/td>\n<td width=\"56\"><strong>5500<\/strong><\/td>\n<td width=\"56\"><strong>4500<\/strong><\/td>\n<td width=\"56\"><strong>3700<\/strong><\/td>\n<td width=\"56\"><strong>2800<\/strong><\/td>\n<td width=\"56\"><strong>2300<\/strong><\/td>\n<td width=\"56\"><strong>2000<\/strong><\/td>\n<td width=\"56\"><strong>1000<\/strong><\/td>\n<\/tr>\n<\/tbody>\n<\/table>\n<p><strong><u><br \/>\nJunio\u0159i\/Juniorky C1\u00a0 <\/u><\/strong><\/p>\n<table>\n<tbody>\n<tr>\n<td width=\"48\">Po\u0159ad\u00ed<\/td>\n<td width=\"59\">1.<\/td>\n<td width=\"56\">2.<\/td>\n<td width=\"56\">3.<\/td>\n<td width=\"56\">4.<\/td>\n<td width=\"56\">5.<\/td>\n<td width=\"56\">6.<\/td>\n<td width=\"56\">7.<\/td>\n<td width=\"56\">8.<\/td>\n<td width=\"56\">9.<\/td>\n<td width=\"56\">10.<\/td>\n<\/tr>\n<tr>\n<td width=\"48\">\u010c\u00e1stka<\/td>\n<td width=\"59\"><strong>2500<\/strong><\/td>\n<td width=\"56\"><strong>2000<\/strong><\/td>\n<td width=\"56\"><strong>1500<\/strong><\/td>\n<td width=\"56\"><strong>1200<\/strong><\/td>\n<td width=\"56\"><strong>1000<\/strong><\/td>\n<td width=\"56\"><strong>850<\/strong><\/td>\n<td width=\"56\"><strong>750<\/strong><\/td>\n<td width=\"56\"><strong>600<\/strong><\/td>\n<td width=\"56\"><strong>500<\/strong><\/td>\n<td width=\"56\"><strong>400<\/strong><\/td>\n<\/tr>\n<\/tbody>\n<\/table>\n<p>Z\u00e1vodn\u00edk\u016fm budou vyplaceny odm\u011bny v\u00a0K\u010d. Ceny budou vyplaceny pro kategorie Elita\/U23 spole\u010dn\u011b. Ostatn\u00ed kategorie hodnotn\u00e9 V\u011aCN\u00c9 ceny.<\/p>\n<p><strong>P\u0158EDPIS:<\/strong><\/p>\n<p>Z\u00e1vod\u00ed se dle pravidel UCI a \u010cSC, V\u0161eobecn\u00fdch pravidel pro z\u00e1vody horsk\u00fdch kol a tohoto rozpisu. Ka\u017ed\u00fd z\u00e1vodn\u00edk se z\u00e1vod\u016f \u00fa\u010dastn\u00ed na vlastn\u00ed nebezpe\u010d\u00ed.<\/p>\n","protected":false},"excerpt":{"rendered":"<p>IZOMAT MTB CUP 2022 Kategorie, P\u0159ihl\u00e1\u0161ky: &#8211; registrace na z\u00e1vod je mo\u017en\u00e1 pouze on-line prost\u0159ednictv\u00edm\u00a0 internetu REGISTRACE nebo www.poharmtb.cz &#8211; nejpozd\u011bji \u00a0je mo\u017eno se p\u0159ihl\u00e1sit do \u010dtvrtka 31.3.2022 do 12:00. &#8211; startovn\u00e9 mus\u00ed z\u00e1vodn\u00edk b\u011bhem p\u0159ihla\u0161ov\u00e1n\u00ed p\u0159es internet uhradit on-line platbou platebn\u00ed kartou dle instrukc\u00ed na p\u0159ihla\u0161ovac\u00ed str\u00e1nce. Tato platba prob\u011bhne automaticky ihned po p\u0159ihl\u00e1\u0161en\u00ed<\/p>\n<p><a href=\"https:\/\/sportprobrno.cz\/cpxco\/rozpis\/\" class=\"more-link themebutton\">Read More<\/a><\/p>\n","protected":false},"author":1,"featured_media":0,"parent":0,"menu_order":23,"comment_status":"closed","ping_status":"closed","template":"","meta":[],"_links":{"self":[{"href":"https:\/\/sportprobrno.cz\/cpxco\/wp-json\/wp\/v2\/pages\/33"}],"collection":[{"href":"https:\/\/sportprobrno.cz\/cpxco\/wp-json\/wp\/v2\/pages"}],"about":[{"href":"https:\/\/sportprobrno.cz\/cpxco\/wp-json\/wp\/v2\/types\/page"}],"author":[{"embeddable":true,"href":"https:\/\/sportprobrno.cz\/cpxco\/wp-json\/wp\/v2\/users\/1"}],"replies":[{"embeddable":true,"href":"https:\/\/sportprobrno.cz\/cpxco\/wp-json\/wp\/v2\/comments?post=33"}],"version-history":[{"count":68,"href":"https:\/\/sportprobrno.cz\/cpxco\/wp-json\/wp\/v2\/pages\/33\/revisions"}],"predecessor-version":[{"id":604,"href":"https:\/\/sportprobrno.cz\/cpxco\/wp-json\/wp\/v2\/pages\/33\/revisions\/604"}],"wp:attachment":[{"href":"https:\/\/sportprobrno.cz\/cpxco\/wp-json\/wp\/v2\/media?parent=33"}],"curies":[{"name":"wp","href":"https:\/\/api.w.org\/{rel}","templated":true}]}}