{"id":27,"date":"2015-05-13T11:49:59","date_gmt":"2015-05-13T10:49:59","guid":{"rendered":"http:\/\/sportprobrno.cz\/cpxco\/?page_id=27"},"modified":"2022-03-01T09:56:58","modified_gmt":"2022-03-01T08:56:58","slug":"prihlasky","status":"publish","type":"page","link":"https:\/\/sportprobrno.cz\/cpxco\/prihlasky\/","title":{"rendered":"Registrace"},"content":{"rendered":"<p><strong><u>KATEGORIE, P\u0158IHL\u00c1\u0160KY<\/u><\/strong><u>:<br \/>\n<\/u>P\u0159ihl\u00e1\u0161en\u00ed na z\u00e1vod je mo\u017en\u00e9 <strong>pouze on-line<\/strong> \u00a0<a href=\"https:\/\/poharmtb.sportsoft.cz\/\" target=\"_blank\" rel=\"noopener\"><strong>https:\/\/poharmtb.sportsoft.cz<\/strong><\/a><br \/>\nNejpozd\u011bji\u00a0 je mo\u017eno se p\u0159ihl\u00e1sit do <strong>\u010dtvrtka <\/strong><strong>31.3. to 12:00 AM<\/strong>.<br \/>\nPozdn\u00ed p\u0159ihl\u00e1\u0161en\u00ed bude s\u00a0p\u0159\u00edplatkem 50% startovn\u00e9ho.<\/p>\n<p>V\u0161ichni vedouc\u00ed t\u00fdm\u016f jsou povinni vyzvednout startovn\u00ed \u010d\u00edsla pro t\u00fdm v\u00a0kancel\u00e1\u0159i z\u00e1vodu nejd\u00e9le<strong> 60 minut <\/strong>p\u0159ed startem dan\u00e9 kategorie.<br \/>\nHodinu p\u0159ed startem kategorie jsou prezentace a v\u00fddej startovn\u00edch \u010d\u00edsel pro danou kategorii uzav\u0159eny.<\/p>\n<p>T\u00fdmov\u00e1 z\u00f3na:<\/p>\n<p><strong><a href=\"https:\/\/docs.google.com\/forms\/d\/e\/1FAIpQLSdsKoeC5-8LtSH8kdW0YBtXoA9CJR-uF1_Jgc9w8K4KsMNd6w\/viewform?usp=sf_link\" target=\"_blank\" rel=\"noopener\">TEAM Area booking form<\/a><\/strong><\/p>\n","protected":false},"excerpt":{"rendered":"<p>KATEGORIE, P\u0158IHL\u00c1\u0160KY: P\u0159ihl\u00e1\u0161en\u00ed na z\u00e1vod je mo\u017en\u00e9 pouze on-line \u00a0https:\/\/poharmtb.sportsoft.cz Nejpozd\u011bji\u00a0 je mo\u017eno se p\u0159ihl\u00e1sit do \u010dtvrtka 31.3. to 12:00 AM. Pozdn\u00ed p\u0159ihl\u00e1\u0161en\u00ed bude s\u00a0p\u0159\u00edplatkem 50% startovn\u00e9ho. V\u0161ichni vedouc\u00ed t\u00fdm\u016f jsou povinni vyzvednout startovn\u00ed \u010d\u00edsla pro t\u00fdm v\u00a0kancel\u00e1\u0159i z\u00e1vodu nejd\u00e9le 60 minut p\u0159ed startem dan\u00e9 kategorie. Hodinu p\u0159ed startem kategorie jsou prezentace a v\u00fddej startovn\u00edch<\/p>\n<p><a href=\"https:\/\/sportprobrno.cz\/cpxco\/prihlasky\/\" class=\"more-link themebutton\">Read More<\/a><\/p>\n","protected":false},"author":1,"featured_media":0,"parent":0,"menu_order":25,"comment_status":"closed","ping_status":"closed","template":"","meta":[],"_links":{"self":[{"href":"https:\/\/sportprobrno.cz\/cpxco\/wp-json\/wp\/v2\/pages\/27"}],"collection":[{"href":"https:\/\/sportprobrno.cz\/cpxco\/wp-json\/wp\/v2\/pages"}],"about":[{"href":"https:\/\/sportprobrno.cz\/cpxco\/wp-json\/wp\/v2\/types\/page"}],"author":[{"embeddable":true,"href":"https:\/\/sportprobrno.cz\/cpxco\/wp-json\/wp\/v2\/users\/1"}],"replies":[{"embeddable":true,"href":"https:\/\/sportprobrno.cz\/cpxco\/wp-json\/wp\/v2\/comments?post=27"}],"version-history":[{"count":20,"href":"https:\/\/sportprobrno.cz\/cpxco\/wp-json\/wp\/v2\/pages\/27\/revisions"}],"predecessor-version":[{"id":580,"href":"https:\/\/sportprobrno.cz\/cpxco\/wp-json\/wp\/v2\/pages\/27\/revisions\/580"}],"wp:attachment":[{"href":"https:\/\/sportprobrno.cz\/cpxco\/wp-json\/wp\/v2\/media?parent=27"}],"curies":[{"name":"wp","href":"https:\/\/api.w.org\/{rel}","templated":true}]}}