{"id":19,"date":"2015-05-13T11:47:57","date_gmt":"2015-05-13T10:47:57","guid":{"rendered":"http:\/\/sportprobrno.cz\/cpxco\/?page_id=19"},"modified":"2022-03-17T11:12:01","modified_gmt":"2022-03-17T10:12:01","slug":"plan-trati","status":"publish","type":"page","link":"https:\/\/sportprobrno.cz\/cpxco\/plan-trati\/","title":{"rendered":"Pl\u00e1n trati"},"content":{"rendered":"<p style=\"text-align: left;\">\u00a0Tra\u0165 pro kadety\/ky, juniory\/ky a v\u0161echny dosp\u011bl\u00e9 kategorie (Jinak po \u010dern\u00fdch \u0161ipk\u00e1ch Bikear\u00e9ny Anthropos)<\/p>\n<p><a href=\"http:\/\/sportprobrno.cz\/cpxco\/wp-content\/uploads\/sites\/5\/2022\/02\/Trat_XCO_2022_EliteJun-U17.jpg\"><img loading=\"lazy\" class=\"alignnone size-medium wp-image-553\" src=\"http:\/\/sportprobrno.cz\/cpxco\/wp-content\/uploads\/sites\/5\/2022\/02\/Trat_XCO_2022_EliteJun-U17-300x253.jpg\" alt=\"\" width=\"300\" height=\"253\" srcset=\"https:\/\/sportprobrno.cz\/cpxco\/wp-content\/uploads\/sites\/5\/2022\/02\/Trat_XCO_2022_EliteJun-U17-300x253.jpg 300w, https:\/\/sportprobrno.cz\/cpxco\/wp-content\/uploads\/sites\/5\/2022\/02\/Trat_XCO_2022_EliteJun-U17-768x647.jpg 768w, https:\/\/sportprobrno.cz\/cpxco\/wp-content\/uploads\/sites\/5\/2022\/02\/Trat_XCO_2022_EliteJun-U17.jpg 860w\" sizes=\"(max-width: 300px) 100vw, 300px\" \/><\/a><\/p>\n<p>Tra\u0165 \u017e\u00e1ci\/\u017e\u00e1kyn\u011b, ml., star\u0161\u00ed,<\/p>\n<p><a href=\"http:\/\/sportprobrno.cz\/cpxco\/wp-content\/uploads\/sites\/5\/2022\/02\/Trat_XCO_2022_zaci.jpg\"><img loading=\"lazy\" class=\"alignnone size-medium wp-image-554\" src=\"http:\/\/sportprobrno.cz\/cpxco\/wp-content\/uploads\/sites\/5\/2022\/02\/Trat_XCO_2022_zaci-300x263.jpg\" alt=\"\" width=\"300\" height=\"263\" srcset=\"https:\/\/sportprobrno.cz\/cpxco\/wp-content\/uploads\/sites\/5\/2022\/02\/Trat_XCO_2022_zaci-300x263.jpg 300w, https:\/\/sportprobrno.cz\/cpxco\/wp-content\/uploads\/sites\/5\/2022\/02\/Trat_XCO_2022_zaci-768x672.jpg 768w, https:\/\/sportprobrno.cz\/cpxco\/wp-content\/uploads\/sites\/5\/2022\/02\/Trat_XCO_2022_zaci.jpg 825w\" sizes=\"(max-width: 300px) 100vw, 300px\" \/><\/a><\/p>\n<p>Tra\u0165 d\u011bti 7-10 let<\/p>\n<p><a href=\"http:\/\/sportprobrno.cz\/cpxco\/wp-content\/uploads\/sites\/5\/2022\/03\/deti_7_10.png\"><img loading=\"lazy\" class=\"alignnone size-medium wp-image-606\" src=\"http:\/\/sportprobrno.cz\/cpxco\/wp-content\/uploads\/sites\/5\/2022\/03\/deti_7_10-186x300.png\" alt=\"\" width=\"186\" height=\"300\" srcset=\"https:\/\/sportprobrno.cz\/cpxco\/wp-content\/uploads\/sites\/5\/2022\/03\/deti_7_10-186x300.png 186w, https:\/\/sportprobrno.cz\/cpxco\/wp-content\/uploads\/sites\/5\/2022\/03\/deti_7_10-634x1024.png 634w, https:\/\/sportprobrno.cz\/cpxco\/wp-content\/uploads\/sites\/5\/2022\/03\/deti_7_10-768x1240.png 768w, https:\/\/sportprobrno.cz\/cpxco\/wp-content\/uploads\/sites\/5\/2022\/03\/deti_7_10-951x1536.png 951w, https:\/\/sportprobrno.cz\/cpxco\/wp-content\/uploads\/sites\/5\/2022\/03\/deti_7_10.png 1080w\" sizes=\"(max-width: 186px) 100vw, 186px\" \/><\/a><\/p>\n<p>\u00a0<\/p>\n<p>\u00a0<\/p>\n<p>Mapa stadionu<\/p>\n<p><a href=\"http:\/\/sportprobrno.cz\/cpxco\/wp-content\/uploads\/sites\/5\/2022\/02\/Stadium_plan.jpg\"><img loading=\"lazy\" class=\"alignnone size-medium wp-image-552\" src=\"http:\/\/sportprobrno.cz\/cpxco\/wp-content\/uploads\/sites\/5\/2022\/02\/Stadium_plan-300x224.jpg\" alt=\"\" width=\"300\" height=\"224\" srcset=\"https:\/\/sportprobrno.cz\/cpxco\/wp-content\/uploads\/sites\/5\/2022\/02\/Stadium_plan-300x224.jpg 300w, https:\/\/sportprobrno.cz\/cpxco\/wp-content\/uploads\/sites\/5\/2022\/02\/Stadium_plan-768x572.jpg 768w, https:\/\/sportprobrno.cz\/cpxco\/wp-content\/uploads\/sites\/5\/2022\/02\/Stadium_plan-480x360.jpg 480w, https:\/\/sportprobrno.cz\/cpxco\/wp-content\/uploads\/sites\/5\/2022\/02\/Stadium_plan-320x240.jpg 320w, https:\/\/sportprobrno.cz\/cpxco\/wp-content\/uploads\/sites\/5\/2022\/02\/Stadium_plan-240x180.jpg 240w, https:\/\/sportprobrno.cz\/cpxco\/wp-content\/uploads\/sites\/5\/2022\/02\/Stadium_plan.jpg 957w\" sizes=\"(max-width: 300px) 100vw, 300px\" \/><\/a><\/p>\n<p>\u00a0<\/p>\n\n\n<p><\/p>\n","protected":false},"excerpt":{"rendered":"<p>\u00a0Tra\u0165 pro kadety\/ky, juniory\/ky a v\u0161echny dosp\u011bl\u00e9 kategorie (Jinak po \u010dern\u00fdch \u0161ipk\u00e1ch Bikear\u00e9ny Anthropos) Tra\u0165 \u017e\u00e1ci\/\u017e\u00e1kyn\u011b, ml., star\u0161\u00ed, Tra\u0165 d\u011bti 7-10 let \u00a0 \u00a0 Mapa stadionu \u00a0<\/p>\n","protected":false},"author":1,"featured_media":0,"parent":0,"menu_order":40,"comment_status":"closed","ping_status":"closed","template":"","meta":[],"_links":{"self":[{"href":"https:\/\/sportprobrno.cz\/cpxco\/wp-json\/wp\/v2\/pages\/19"}],"collection":[{"href":"https:\/\/sportprobrno.cz\/cpxco\/wp-json\/wp\/v2\/pages"}],"about":[{"href":"https:\/\/sportprobrno.cz\/cpxco\/wp-json\/wp\/v2\/types\/page"}],"author":[{"embeddable":true,"href":"https:\/\/sportprobrno.cz\/cpxco\/wp-json\/wp\/v2\/users\/1"}],"replies":[{"embeddable":true,"href":"https:\/\/sportprobrno.cz\/cpxco\/wp-json\/wp\/v2\/comments?post=19"}],"version-history":[{"count":23,"href":"https:\/\/sportprobrno.cz\/cpxco\/wp-json\/wp\/v2\/pages\/19\/revisions"}],"predecessor-version":[{"id":608,"href":"https:\/\/sportprobrno.cz\/cpxco\/wp-json\/wp\/v2\/pages\/19\/revisions\/608"}],"wp:attachment":[{"href":"https:\/\/sportprobrno.cz\/cpxco\/wp-json\/wp\/v2\/media?parent=19"}],"curies":[{"name":"wp","href":"https:\/\/api.w.org\/{rel}","templated":true}]}}