{"id":15,"date":"2015-05-13T11:47:08","date_gmt":"2015-05-13T10:47:08","guid":{"rendered":"http:\/\/sportprobrno.cz\/cpxco\/?page_id=15"},"modified":"2022-03-31T19:38:21","modified_gmt":"2022-03-31T18:38:21","slug":"propozice","status":"publish","type":"page","link":"https:\/\/sportprobrno.cz\/cpxco\/propozice\/","title":{"rendered":"Propozice"},"content":{"rendered":"<p><strong>\u00a0<\/strong><\/p>\n<table style=\"height: 15px;\" width=\"657\">\n<tbody>\n<tr>\n<td><\/td>\n<td><\/td>\n<td><\/td>\n<\/tr>\n<\/tbody>\n<\/table>\n<p><strong>IZOMAT MTB CUP 2022<br \/>\n<\/strong><strong>\u010cesk\u00fd poh\u00e1r horsk\u00fdch kol 2022\u00a0 Cross-Country\u00a0\u00a0 &#8211;\u00a0 1. z\u00e1vod\u00a0 BRNO<br \/>\n<\/strong><strong>\u00a0\u00a0\u00a0\u00a0 <\/strong><\/p>\n<p><strong><u>DATE &amp; LOCATION:<\/u><\/strong><strong>\u00a0\u00a0\u00a0\u00a0\u00a0 <\/strong><strong>2. &#8211; 3. 4. 2022<\/strong><strong>\u00a0\u00a0\u00a0 <\/strong><strong>Brno, CZE<\/strong><strong><br \/>\n<\/strong>\u00a0\u00a0\u00a0\u00a0\u00a0\u00a0\u00a0\u00a0\u00a0\u00a0\u00a0\u00a0\u00a0\u00a0\u00a0\u00a0\u00a0\u00a0\u00a0\u00a0\u00a0\u00a0\u00a0\u00a0\u00a0\u00a0\u00a0\u00a0\u00a0\u00a0\u00a0\u00a0\u00a0\u00a0\u00a0\u00a0\u00a0\u00a0\u00a0\u00a0\u00a0\u00a0 Anthropos Arena <strong>\u00a0\u00a0\u00a0\u00a0\u00a0<\/strong><\/p>\n<p><strong><u>KONTAKT:<\/u><br \/>\nPo\u0159adatel: \u00a0\u00a0\u00a0\u00a0\u00a0\u00a0\u00a0\u00a0\u00a0\u00a0\u00a0\u00a0\u00a0\u00a0\u00a0\u00a0\u00a0\u00a0\u00a0\u00a0\u00a0\u00a0\u00a0<\/strong>Sport pro Brno, z.s., Marie Steyskalov\u00e9 64, 616 00 Brno, I\u010c22750266<strong><br \/>\n\u0158editel z\u00e1vodu:\u00a0\u00a0\u00a0\u00a0\u00a0\u00a0\u00a0\u00a0\u00a0\u00a0\u00a0\u00a0\u00a0 <\/strong>Lubom\u00edr Vidl\u00e1k,\u00a0 +420 605 432\u00a0220, e-mail: <a href=\"mailto:vidlak@sportprobrno.cz\">vidlak@sportprobrno.cz<\/a><strong><br \/>\nTechnick\u00fd \u0159editel:\u00a0\u00a0\u00a0\u00a0\u00a0\u00a0\u00a0\u00a0\u00a0 Luk\u00e1\u0161 Vlach, +420\u00a0602\u00a0424\u00a0934, <\/strong><a href=\"mailto:lukinvlach@gmail.com\">lukinvlach@gmail.com<\/a><\/p>\n<p><strong>Internet:<\/strong> \u00a0 \u00a0\u00a0\u00a0\u00a0\u00a0\u00a0\u00a0\u00a0\u00a0\u00a0\u00a0\u00a0\u00a0\u00a0\u00a0\u00a0\u00a0\u00a0\u00a0\u00a0\u00a0\u00a0\u00a0\u00a0 <strong><a href=\"http:\/\/sportprobrno.cz\/cpxco\/\" target=\"_blank\" rel=\"noopener\">http:\/\/www.sportprobrno.cz\/cpxco<\/a><\/strong><\/p>\n<p><strong><u>KANCEL\u00c1\u0158 Z\u00c1VODU:<br \/>\n<\/u><\/strong>Anthropos Arena GPS Loc ,\u00a0<a href=\"https:\/\/mapy.cz\/zakladni?x=16.5652489&amp;y=49.1916382&amp;z=17&amp;source=coor&amp;id=16.5652489%2C49.1915961&amp;q=49.1915961N%2C%2016.5652489E\"><strong>49.1915961N, 16.5652489E<\/strong><\/a>,<\/p>\n<p><strong><u>TRA\u0164:<br \/>\n<\/u><\/strong>D\u00e9lka: 4.1 km, p\u0159ev\u00fd\u0161en\u00ed 210 m. M\u011bstsk\u00fd okruh postaven\u00fd s ohledem na modern\u00ed trendy XCO trat\u00ed tak, aby\u00a0nab\u00eddl velkou p\u0159ehlednost pro div\u00e1ka a z\u00e1vodn\u00edky prov\u011b\u0159il jak po technick\u00e9\u00a0tak po fyzick\u00e9 str\u00e1nce.<\/p>\n<p><strong>Tra\u0165 m\u00e1 6 speci\u00e1ln\u00edch sekc\u00ed, vyzna\u010den\u00fdch v map\u011b z\u00e1vodu:<\/strong><\/p>\n<p>1 Houpa\u010dky<\/p>\n<p>2 Rock garden<\/p>\n<p>3 Twins, t\u011b\u017ek\u00fd paraleln\u00ed technick\u00fd sjezd s p\u0159\u00edrodn\u00edmi p\u0159ek\u00e1\u017ekami<\/p>\n<p>4 \u010cert\u00edk \u2013 p\u0159\u00edrodn\u00ed sjezd<\/p>\n<p>5 Extr\u00e9m<\/p>\n<p>6 Rock and roll, kamenn\u00e9 pole (balvany) na m\u00edrn\u00e9m sjezdu<\/p>\n<p><strong><br \/>\n<\/strong><strong><u>KATEGORIE, P\u0158IHL\u00c1\u0160KY<\/u><\/strong><u>:<br \/>\n<\/u>P\u0159ihl\u00e1\u0161en\u00ed na z\u00e1vod je mo\u017en\u00e9 <strong>pouze on-line<\/strong> \u00a0<a href=\"https:\/\/poharmtb.sportsoft.cz\/\"><strong>https:\/\/poharmtb.sportsoft.cz<\/strong><\/a><br \/>\nNejpozd\u011bji\u00a0 je mo\u017eno se p\u0159ihl\u00e1sit do <strong>\u010dtvrtka <\/strong><strong>31.3. to 12:00 AM<\/strong>.<br \/>\n<strong>Pozdn\u011b p\u0159ihl\u00e1\u0161en\u00ed je se 100% p\u0159\u00edplatkem<\/strong><\/p>\n<p>V\u0161ichni vedouc\u00ed t\u00fdm\u016f jsou povinni vyzvednout startovn\u00ed \u010d\u00edsla pro t\u00fdm v\u00a0kancel\u00e1\u0159i z\u00e1vodu nejd\u00e9le<strong> 60 minut <\/strong>p\u0159ed startem dan\u00e9 kategorie.<br \/>\nHodinu p\u0159ed startem kategorie jsou prezentace a v\u00fddej startovn\u00edch \u010d\u00edsel pro danou kategorii uzav\u0159eny.<\/p>\n<p><strong><em>Startovn\u00e9 :<\/em><\/strong><em><br \/>\n<\/em>D\u011btsk\u00e9 kategorie\u00a0\u00a0\u00a0\u00a0\u00a0\u00a0\u00a0\u00a0\u00a0\u00a0\u00a0 \u00a0\u00a0\u00a0\u00a0\u00a0\u00a0\u00a0\u00a0\u00a0\u00a0\u00a0\u00a0\u00a0\u00a0\u00a0 \u00a0\u00a0\u00a0\u00a0\u00a0\u00a0\u00a0\u00a0\u00a0\u00a0\u00a0\u00a0\u00a0\u00a0\u00a0\u00a0\u00a0\u00a0\u00a0\u00a0\u00a0\u00a0\u00a0\u00a0\u00a0\u00a0\u00a0\u00a0\u00a0\u00a0\u00a0\u00a0\u00a0\u00a0\u00a0\u00a0\u00a0\u00a0\u00a0\u00a0\u00a0\u00a0\u00a0\u00a0\u00a0\u00a0 150,- CZK<\/p>\n<p>\u017d\u00e1ci, \u017e\u00e1kyn\u011b \u00a0\u00a0\u00a0\u00a0\u00a0\u00a0\u00a0\u00a0\u00a0\u00a0\u00a0\u00a0\u00a0\u00a0\u00a0\u00a0\u00a0\u00a0\u00a0\u00a0\u00a0 \u00a0\u00a0\u00a0\u00a0\u00a0\u00a0\u00a0\u00a0\u00a0\u00a0\u00a0\u00a0\u00a0\u00a0\u00a0\u00a0\u00a0\u00a0\u00a0\u00a0\u00a0\u00a0\u00a0\u00a0\u00a0\u00a0\u00a0\u00a0\u00a0\u00a0\u00a0\u00a0\u00a0\u00a0\u00a0\u00a0\u00a0\u00a0\u00a0\u00a0\u00a0\u00a0\u00a0\u00a0\u00a0\u00a0\u00a0\u00a0\u00a0\u00a0\u00a0\u00a0\u00a0\u00a0\u00a0\u00a0\u00a0\u00a0\u00a0 300,- CZK<\/p>\n<p>Junio\u0159i Juniorky, Kadeti, Kadetky, Expert, Masters\u00a0\u00a0\u00a0\u00a0\u00a0\u00a0\u00a0\u00a0\u00a0\u00a0\u00a0\u00a0 \u00a0\u00a0 \u00a0 500,- CZK<\/p>\n<p>Elita\/U23, \u017deny \/U23\u00a0\u00a0\u00a0\u00a0\u00a0 \u00a0\u00a0\u00a0\u00a0\u00a0\u00a0\u00a0\u00a0\u00a0\u00a0\u00a0\u00a0\u00a0\u00a0\u00a0\u00a0\u00a0\u00a0\u00a0\u00a0\u00a0\u00a0\u00a0\u00a0\u00a0\u00a0\u00a0\u00a0\u00a0\u00a0 \u00a0\u00a0\u00a0\u00a0\u00a0\u00a0\u00a0\u00a0\u00a0\u00a0\u00a0\u00a0\u00a0\u00a0\u00a0 \u00a0\u00a0\u00a0\u00a0\u00a0\u00a0\u00a0\u00a0\u00a0\u00a0\u00a0\u00a0\u00a0\u00a0\u00a0 600,- CZK<\/p>\n<p><strong><em>Kategorie: \u00a0\u00a0\u00a0\u00a0\u00a0\u00a0\u00a0\u00a0 <\/em><\/strong>v\u00a0souladu s rozpisem \u010cSC 2022 pro Czech MTB XCO CUP 2022<\/p>\n<p><strong>\u010cASOM\u00cdRA:<\/strong><br \/>\n\u010cipy ve startovn\u00edm \u010d\u00edsle, pln\u011b digitalizovan\u00e1, SportSoft s.r.o., <a href=\"http:\/\/www.sportsoft.cz\">www.sportsoft.cz<\/a><br \/>\nLive timing na <a href=\"http:\/\/www.sportsoft.cz\">www.sportsoft.cz<\/a>.<br \/>\nVideo streaming z\u00e1vodu na Youtube kan\u00e1lu Sportsoft <a href=\"https:\/\/www.youtube.com\/sportsofttiminglive\">https:\/\/www.youtube.com\/sportsofttiminglive<\/a><\/p>\n<p><strong>\u010casov\u00fd pl\u00e1n:<\/strong><\/p>\n<p><strong>P\u00e1tek 1. dubna<\/strong><\/p>\n<p>16:00 \u2013 19:00\u00a0\u00a0\u00a0\u00a0\u00a0\u00a0\u00a0\u00a0\u00a0\u00a0\u00a0\u00a0\u00a0\u00a0\u00a0\u00a0\u00a0\u00a0\u00a0\u00a0 Kancel\u00e1\u0159 z\u00e1vodu<br \/>\n17:00 \u2013 19:00\u00a0\u00a0\u00a0\u00a0\u00a0\u00a0\u00a0\u00a0\u00a0\u00a0\u00a0\u00a0\u00a0\u00a0\u00a0\u00a0\u00a0\u00a0\u00a0\u00a0 Ofici\u00e1ln\u00ed tr\u00e9nink trati XCO pro v\u0161echny sobotn\u00ed kategorie<\/p>\n<p>17:00 \u2013 19:00\u00a0\u00a0\u00a0\u00a0\u00a0\u00a0\u00a0\u00a0\u00a0\u00a0\u00a0\u00a0\u00a0\u00a0\u00a0\u00a0\u00a0\u00a0\u00a0\u00a0 Vylosov\u00e1n\u00ed a tr\u00e9nink technick\u00fdch sekc\u00ed \u017e\u00e1kovsk\u00e9 kategorie<br \/>\n19:30\u00a0 \u00a0\u00a0\u00a0\u00a0\u00a0\u00a0\u00a0\u00a0\u00a0\u00a0\u00a0\u00a0\u00a0\u00a0\u00a0\u00a0\u00a0\u00a0\u00a0\u00a0\u00a0\u00a0\u00a0\u00a0\u00a0\u00a0\u00a0\u00a0\u00a0\u00a0\u00a0\u00a0\u00a0 Sch\u016fze mana\u017eer\u016f t\u00fdm\u016f k\u00a0sobotn\u00edm z\u00e1vod\u016fm UCI<\/p>\n<p><strong>Sobota 2. dubna<\/strong><\/p>\n<p>08:00 &#8211; 18:00\u00a0 \u00a0\u00a0\u00a0\u00a0\u00a0\u00a0\u00a0\u00a0\u00a0\u00a0\u00a0\u00a0\u00a0\u00a0\u00a0\u00a0\u00a0\u00a0\u00a0 Kancel\u00e1\u0159 z\u00e1vodu<\/p>\n<p>08:00 &#8211; 09:15\u00a0\u00a0\u00a0\u00a0\u00a0\u00a0\u00a0\u00a0\u00a0\u00a0\u00a0\u00a0\u00a0\u00a0\u00a0\u00a0\u00a0\u00a0\u00a0\u00a0\u00a0 Ofici\u00e1ln\u00ed tr\u00e9nink trati XCO pro v\u0161echny sobotn\u00ed kategorie<\/p>\n<p>9:30 \u00a0\u00a0\u00a0\u00a0\u00a0\u00a0\u00a0\u00a0\u00a0\u00a0\u00a0\u00a0\u00a0\u00a0\u00a0\u00a0\u00a0\u00a0\u00a0\u00a0\u00a0\u00a0\u00a0\u00a0\u00a0\u00a0\u00a0\u00a0\u00a0\u00a0\u00a0\u00a0\u00a0\u00a0\u00a0 Kadeti (45 min = 3-4 kola), Masters, Experti, (55 min = 4-5 kol)<\/p>\n<p>11:00\u00a0\u00a0\u00a0\u00a0\u00a0\u00a0\u00a0\u00a0\u00a0\u00a0\u00a0\u00a0\u00a0\u00a0\u00a0\u00a0\u00a0\u00a0\u00a0\u00a0 \u00a0\u00a0\u00a0\u00a0\u00a0\u00a0\u00a0\u00a0\u00a0\u00a0\u00a0\u00a0\u00a0\u00a0 Junio\u0159i <em>(1 hod = cca 5-6 kol)<\/em><\/p>\n<p>12:30 &#8211; 13:15\u00a0\u00a0\u00a0\u00a0\u00a0\u00a0\u00a0\u00a0\u00a0\u00a0\u00a0\u00a0\u00a0\u00a0\u00a0\u00a0\u00a0\u00a0\u00a0\u00a0\u00a0 Ofici\u00e1ln\u00ed tr\u00e9nink na trati XCO pro odpoledn\u00ed kategorie<\/p>\n<p>13:30\u00a0 \u00a0\u00a0 \u00a0\u00a0\u00a0\u00a0\u00a0\u00a0\u00a0\u00a0\u00a0\u00a0\u00a0\u00a0\u00a0\u00a0\u00a0\u00a0\u00a0\u00a0\u00a0\u00a0\u00a0\u00a0\u00a0\u00a0\u00a0\u00a0\u00a0\u00a0\u00a0\u00a0 \u017deny Elite\/U23, Juniorky, Kadetky\u00a0(1:15 hod = 5,4,3 kola)<em>)<\/em><\/p>\n<p>15:30\u00a0\u00a0 \u00a0 \u00a0\u00a0\u00a0\u00a0\u00a0\u00a0\u00a0\u00a0\u00a0\u00a0\u00a0\u00a0\u00a0\u00a0\u00a0\u00a0\u00a0\u00a0\u00a0\u00a0\u00a0\u00a0\u00a0\u00a0\u00a0\u00a0\u00a0\u00a0\u00a0 \u00a0 Mu\u017ei Elite \/U23 (1:30 hod = 7-8 kol)<\/p>\n<p><strong>VYHL\u00c1\u0160EN\u00cd V\u00ddSLEDKU PROB\u011aHNE PO DOJEZDU KA\u017dD\u00c9HO Z\u00c1VODU!!!<\/strong><\/p>\n<p>17:00 \u2013 18:00\u00a0\u00a0\u00a0\u00a0\u00a0\u00a0\u00a0\u00a0\u00a0\u00a0\u00a0\u00a0\u00a0\u00a0\u00a0\u00a0\u00a0\u00a0\u00a0\u00a0 Ofici\u00e1ln\u00ed tr\u00e9nink na \u017e\u00e1kovsk\u00e9 a d\u011btsk\u00fdch trat\u00edch XCO pro v\u0161echny kat. z\u00e1vod\u00edc\u00ed v ned\u011bli<\/p>\n<p><strong><span style=\"color: #ff0000;\">18:30\u00a0 \u00a0 \u00a0 \u00a0 \u00a0 \u00a0 \u00a0 \u00a0 \u00a0 \u00a0 \u00a0 \u00a0 \u00a0 \u00a0 \u00a0 \u00a0 \u00a0 \u00a0Meeting s\u00a0po\u0159adatelem k\u00a0ned\u011bln\u00edm z\u00e1vod\u016fm (d\u011bti, \u017e\u00e1ci)<\/span><\/strong><\/p>\n<p><strong>Ned\u011ble 3. dubna<\/strong><\/p>\n<p>8:30-15:00 \u00a0\u00a0\u00a0\u00a0\u00a0\u00a0\u00a0\u00a0\u00a0\u00a0\u00a0\u00a0\u00a0\u00a0\u00a0\u00a0\u00a0\u00a0\u00a0\u00a0\u00a0\u00a0\u00a0\u00a0\u00a0 Kancel\u00e1\u0159 z\u00e1vodu<\/p>\n<p>9:30\u00a0\u00a0\u00a0\u00a0\u00a0\u00a0\u00a0\u00a0\u00a0\u00a0\u00a0\u00a0\u00a0\u00a0\u00a0\u00a0\u00a0\u00a0\u00a0\u00a0\u00a0\u00a0\u00a0\u00a0\u00a0\u00a0\u00a0\u00a0\u00a0\u00a0\u00a0\u00a0\u00a0\u00a0\u00a0\u00a0\u00a0\u00a0 Meeting s\u00a0po\u0159adatelem k\u00a0ned\u011bln\u00edm z\u00e1vod\u016fm (d\u011bti, \u017e\u00e1ci)<\/p>\n<p><strong>Technick\u00e9 discipl\u00edny<\/strong><\/p>\n<p>08:30 &#8211; 13:00 \u00a0\u00a0\u00a0\u00a0\u00a0\u00a0\u00a0\u00a0\u00a0\u00a0\u00a0\u00a0\u00a0\u00a0\u00a0\u00a0\u00a0\u00a0\u00a0\u00a0\u00a0 Technick\u00e9 discipl\u00edny<\/p>\n<p>08:30 &#8211; 09:00\u00a0\u00a0\u00a0\u00a0\u00a0\u00a0\u00a0\u00a0\u00a0\u00a0\u00a0\u00a0\u00a0\u00a0\u00a0\u00a0\u00a0\u00a0\u00a0\u00a0\u00a0\u00a0 \u017d\u00e1kyn\u011b I<br \/>\n09:00 &#8211; 10:30\u00a0 \u00a0\u00a0\u00a0\u00a0\u00a0\u00a0\u00a0\u00a0\u00a0\u00a0\u00a0\u00a0\u00a0\u00a0\u00a0\u00a0\u00a0\u00a0\u00a0\u00a0 \u017d\u00e1ci I<br \/>\n10:30 &#8211; 11:30 \u00a0\u00a0\u00a0\u00a0\u00a0\u00a0\u00a0\u00a0\u00a0\u00a0\u00a0\u00a0\u00a0\u00a0\u00a0\u00a0\u00a0\u00a0\u00a0\u00a0\u00a0 \u017d\u00e1kyn\u011b II<br \/>\n11:30 &#8211; 13:00 \u00a0\u00a0\u00a0\u00a0\u00a0\u00a0\u00a0\u00a0\u00a0\u00a0\u00a0\u00a0\u00a0\u00a0\u00a0\u00a0\u00a0\u00a0\u00a0\u00a0\u00a0 \u017d\u00e1ci II<\/p>\n<p><strong>XCO<\/strong><\/p>\n<p>9:00\u00a0\u00a0\u00a0\u00a0\u00a0\u00a0\u00a0\u00a0\u00a0\u00a0\u00a0\u00a0\u00a0\u00a0\u00a0\u00a0\u00a0\u00a0\u00a0\u00a0\u00a0\u00a0\u00a0\u00a0\u00a0\u00a0\u00a0\u00a0\u00a0\u00a0\u00a0\u00a0\u00a0\u00a0\u00a0\u00a0\u00a0\u00a0 Odr\u00e1\u017eedla (2-3 min)<\/p>\n<p>9:10\u00a0 \u00a0\u00a0\u00a0\u00a0\u00a0\u00a0\u00a0\u00a0\u00a0\u00a0\u00a0\u00a0\u00a0\u00a0\u00a0\u00a0\u00a0\u00a0\u00a0\u00a0\u00a0\u00a0\u00a0\u00a0\u00a0\u00a0\u00a0\u00a0\u00a0\u00a0\u00a0\u00a0\u00a0\u00a0\u00a0\u00a0 Holky a kluci 3-4 let spole\u010dn\u011b (3-5 min)<\/p>\n<p>9:25\u00a0 \u00a0\u00a0\u00a0\u00a0\u00a0\u00a0\u00a0\u00a0\u00a0\u00a0\u00a0\u00a0\u00a0\u00a0\u00a0\u00a0\u00a0\u00a0\u00a0\u00a0\u00a0\u00a0\u00a0\u00a0\u00a0\u00a0\u00a0\u00a0\u00a0\u00a0\u00a0\u00a0\u00a0\u00a0\u00a0\u00a0 Holky a kluci 5-6 let spole\u010dn\u011b (5-7 min)<\/p>\n<p>9:40\u00a0 \u00a0\u00a0\u00a0\u00a0\u00a0\u00a0\u00a0\u00a0\u00a0\u00a0\u00a0\u00a0\u00a0\u00a0\u00a0\u00a0\u00a0\u00a0\u00a0\u00a0\u00a0\u00a0\u00a0\u00a0\u00a0\u00a0\u00a0\u00a0\u00a0\u00a0\u00a0\u00a0\u00a0\u00a0\u00a0\u00a0 Holky 7-8 let(7-9 min)<\/p>\n<p>10:00\u00a0\u00a0\u00a0\u00a0\u00a0\u00a0\u00a0\u00a0\u00a0\u00a0\u00a0\u00a0\u00a0\u00a0\u00a0\u00a0\u00a0\u00a0\u00a0\u00a0\u00a0\u00a0\u00a0\u00a0\u00a0\u00a0\u00a0\u00a0\u00a0\u00a0\u00a0\u00a0\u00a0\u00a0\u00a0\u00a0 Kluci 7-8 let(7-9 min)<\/p>\n<p>10:20\u00a0\u00a0\u00a0\u00a0 \u00a0\u00a0\u00a0\u00a0\u00a0\u00a0\u00a0\u00a0\u00a0\u00a0\u00a0\u00a0\u00a0\u00a0\u00a0\u00a0\u00a0\u00a0\u00a0\u00a0\u00a0\u00a0\u00a0\u00a0\u00a0\u00a0\u00a0\u00a0\u00a0\u00a0\u00a0 Holky 9-10 let (9-11 min)<\/p>\n<p>10:45\u00a0\u00a0\u00a0\u00a0\u00a0\u00a0\u00a0\u00a0\u00a0\u00a0\u00a0\u00a0\u00a0\u00a0\u00a0\u00a0\u00a0\u00a0\u00a0\u00a0\u00a0\u00a0\u00a0\u00a0\u00a0\u00a0\u00a0\u00a0\u00a0\u00a0\u00a0\u00a0\u00a0\u00a0\u00a0\u00a0 Kluci 9-10 let (9-11 min)<\/p>\n<p><strong>VYHL\u00c1\u0160EN\u00cd V\u00ddSLEDKU PROB\u011aHNE PO DOJEZDU KA\u017dD\u00c9HO Z\u00c1VODU!!!<\/strong><\/p>\n<p>Tr\u00e9nink \u2013 tr\u00e9nink je mo\u017en\u00fd po cel\u00fd den na trat\u00edch<\/p>\n<p>11:30\u00a0\u00a0\u00a0\u00a0\u00a0\u00a0\u00a0\u00a0\u00a0\u00a0\u00a0\u00a0\u00a0\u00a0\u00a0\u00a0\u00a0\u00a0\u00a0\u00a0\u00a0\u00a0\u00a0\u00a0\u00a0\u00a0\u00a0\u00a0\u00a0\u00a0\u00a0\u00a0\u00a0\u00a0\u00a0\u00a0 \u017d\u00e1kyn\u011b I (15-20 min)<\/p>\n<p>12:00 \u00a0\u00a0\u00a0\u00a0\u00a0\u00a0\u00a0\u00a0\u00a0\u00a0\u00a0\u00a0\u00a0\u00a0\u00a0\u00a0\u00a0\u00a0\u00a0\u00a0\u00a0\u00a0\u00a0\u00a0\u00a0\u00a0\u00a0\u00a0\u00a0\u00a0\u00a0\u00a0\u00a0\u00a0\u00a0 \u017d\u00e1ci I\u00a0 (15-20 min)<\/p>\n<p>12:30\u00a0\u00a0\u00a0\u00a0\u00a0\u00a0\u00a0\u00a0\u00a0\u00a0\u00a0\u00a0\u00a0\u00a0\u00a0\u00a0\u00a0\u00a0\u00a0\u00a0\u00a0\u00a0\u00a0\u00a0\u00a0\u00a0\u00a0\u00a0\u00a0\u00a0\u00a0\u00a0\u00a0\u00a0\u00a0\u00a0 \u017d\u00e1kyn\u011b II (25-30 min)<\/p>\n<p>13:30\u00a0\u00a0\u00a0\u00a0\u00a0\u00a0\u00a0\u00a0\u00a0\u00a0\u00a0\u00a0\u00a0\u00a0\u00a0\u00a0\u00a0\u00a0\u00a0\u00a0\u00a0\u00a0\u00a0\u00a0\u00a0\u00a0\u00a0\u00a0\u00a0\u00a0\u00a0\u00a0\u00a0\u00a0\u00a0\u00a0 \u017d\u00e1ci II (25-30 min)<\/p>\n<p><strong>VYHL\u00c1\u0160EN\u00cd V\u00ddSLEDKU PROB\u011aHNE PO DOJEZDU KA\u017dD\u00c9HO Z\u00c1VODU!!!<\/strong><\/p>\n<p><strong>\u00a0<\/strong><\/p>\n<p><strong>\u00a0<\/strong><\/p>\n<p><strong>\u00a0<\/strong><\/p>\n<p><strong>\u00a0<\/strong><\/p>\n<p><strong>UCI BODY a CENY<\/strong>:<\/p>\n<p>UCI body \u2013 dle rozpisu UCI pro z\u00e1vody UCI C1\u00a0 pro kategorie Mu\u017ei Elite, \u017deny Elite, Junio\u0159i, Juniorky<\/p>\n<p>Finan\u010dn\u00ed ceny (v CZK)<\/p>\n<p><strong><u>Elita Mu\u017ei\/Elita \u017deny C1 <\/u><\/strong><\/p>\n<table>\n<tbody>\n<tr>\n<td width=\"48\">Po\u0159ad\u00ed<\/td>\n<td width=\"59\">1.<\/td>\n<td width=\"56\">2.<\/td>\n<td width=\"56\">3.<\/td>\n<td width=\"56\">4.<\/td>\n<td width=\"56\">5.<\/td>\n<td width=\"56\">6.<\/td>\n<td width=\"56\">7.<\/td>\n<td width=\"56\">8.<\/td>\n<td width=\"56\">9.<\/td>\n<td width=\"56\">10.<\/td>\n<\/tr>\n<tr>\n<td width=\"48\">\u010c\u00e1stka<\/td>\n<td width=\"59\"><strong>11000<\/strong><\/td>\n<td width=\"56\"><strong>9500<\/strong><\/td>\n<td width=\"56\"><strong>7500<\/strong><\/td>\n<td width=\"56\"><strong>5500<\/strong><\/td>\n<td width=\"56\"><strong>4500<\/strong><\/td>\n<td width=\"56\"><strong>3700<\/strong><\/td>\n<td width=\"56\"><strong>2800<\/strong><\/td>\n<td width=\"56\"><strong>2300<\/strong><\/td>\n<td width=\"56\"><strong>2000<\/strong><\/td>\n<td width=\"56\"><strong>1000<\/strong><\/td>\n<\/tr>\n<\/tbody>\n<\/table>\n<p><strong><u><br \/>\nJunio\u0159i\/Juniorky C1\u00a0 <\/u><\/strong><\/p>\n<table>\n<tbody>\n<tr>\n<td width=\"48\">Po\u0159ad\u00ed<\/td>\n<td width=\"59\">1.<\/td>\n<td width=\"56\">2.<\/td>\n<td width=\"56\">3.<\/td>\n<td width=\"56\">4.<\/td>\n<td width=\"56\">5.<\/td>\n<td width=\"56\">6.<\/td>\n<td width=\"56\">7.<\/td>\n<td width=\"56\">8.<\/td>\n<td width=\"56\">9.<\/td>\n<td width=\"56\">10.<\/td>\n<\/tr>\n<tr>\n<td width=\"48\">\u010c\u00e1stka<\/td>\n<td width=\"59\"><strong>2500<\/strong><\/td>\n<td width=\"56\"><strong>2000<\/strong><\/td>\n<td width=\"56\"><strong>1500<\/strong><\/td>\n<td width=\"56\"><strong>1200<\/strong><\/td>\n<td width=\"56\"><strong>1000<\/strong><\/td>\n<td width=\"56\"><strong>850<\/strong><\/td>\n<td width=\"56\"><strong>750<\/strong><\/td>\n<td width=\"56\"><strong>600<\/strong><\/td>\n<td width=\"56\"><strong>500<\/strong><\/td>\n<td width=\"56\"><strong>400<\/strong><\/td>\n<\/tr>\n<\/tbody>\n<\/table>\n<p>Z\u00e1vodn\u00edk\u016fm budou vyplaceny odm\u011bny v\u00a0K\u010d. Ceny budou vyplaceny pro kategorie Elita\/U23 spole\u010dn\u011b. Ostatn\u00ed kategorie hodnotn\u00e9 V\u011aCN\u00c9 ceny.<\/p>\n<p><strong>\u00a0<\/strong><\/p>\n<p><strong>Ostatn\u00ed:<\/strong><\/p>\n<p><strong>T\u00fdmov\u00e1 z\u00f3na:<\/strong><\/p>\n<p><strong><a href=\"https:\/\/docs.google.com\/forms\/d\/e\/1FAIpQLSdsKoeC5-8LtSH8kdW0YBtXoA9CJR-uF1_Jgc9w8K4KsMNd6w\/viewform?usp=sf_link\" target=\"_blank\" rel=\"noopener\">TEAM Area booking form<\/a><\/strong><\/p>\n<p><strong>P\u0159edpis: <\/strong>Z\u00e1vod\u00ed se dle pravidel UCI a \u010cSC, V\u0161eobecn\u00fdch pravidel pro z\u00e1vody horsk\u00fdch kol a tohoto rozpisu. Ka\u017ed\u00fd z\u00e1vodn\u00edk se z\u00e1vod\u016f \u00fa\u010dastn\u00ed na vlastn\u00ed nebezpe\u010d\u00ed.<\/p>\n<p><strong>Zdravotn\u00ed zabezpe\u010den\u00ed: <\/strong><\/p>\n<p>Fakultn\u00ed nemocnice Brno &#8211; Bohunice<\/p>\n<p>Zdravotn\u00ed zaji\u0161t\u011bn\u00ed koordinovan\u00e9 ve spolupr\u00e1ci SPP Vy\u0161kov, adresa: Pu\u0161kinova 63, 682 01 Vy\u0161kov<\/p>\n<p><strong>P\u0159\u00edjezd &#8211; akreditace:<\/strong><\/p>\n<p><a href=\"http:\/\/sportprobrno.cz\/cpxco\/wp-content\/uploads\/sites\/5\/2022\/02\/Stadium_plan.jpg\"><img loading=\"lazy\" class=\"alignnone size-medium wp-image-552\" src=\"http:\/\/sportprobrno.cz\/cpxco\/wp-content\/uploads\/sites\/5\/2022\/02\/Stadium_plan-300x224.jpg\" alt=\"\" width=\"300\" height=\"224\" srcset=\"https:\/\/sportprobrno.cz\/cpxco\/wp-content\/uploads\/sites\/5\/2022\/02\/Stadium_plan-300x224.jpg 300w, https:\/\/sportprobrno.cz\/cpxco\/wp-content\/uploads\/sites\/5\/2022\/02\/Stadium_plan-768x572.jpg 768w, https:\/\/sportprobrno.cz\/cpxco\/wp-content\/uploads\/sites\/5\/2022\/02\/Stadium_plan-480x360.jpg 480w, https:\/\/sportprobrno.cz\/cpxco\/wp-content\/uploads\/sites\/5\/2022\/02\/Stadium_plan-320x240.jpg 320w, https:\/\/sportprobrno.cz\/cpxco\/wp-content\/uploads\/sites\/5\/2022\/02\/Stadium_plan-240x180.jpg 240w, https:\/\/sportprobrno.cz\/cpxco\/wp-content\/uploads\/sites\/5\/2022\/02\/Stadium_plan.jpg 957w\" sizes=\"(max-width: 300px) 100vw, 300px\" \/><\/a><\/p>\n<p><strong>XCO mapa Elitn\u00edch kategori\u00ed:<\/strong><\/p>\n<p><a href=\"http:\/\/sportprobrno.cz\/cpxco\/wp-content\/uploads\/sites\/5\/2022\/02\/Trat_XCO_2022_EliteJun-U17.jpg\"><img loading=\"lazy\" class=\"alignnone size-medium wp-image-553\" src=\"http:\/\/sportprobrno.cz\/cpxco\/wp-content\/uploads\/sites\/5\/2022\/02\/Trat_XCO_2022_EliteJun-U17-300x253.jpg\" alt=\"\" width=\"300\" height=\"253\" srcset=\"https:\/\/sportprobrno.cz\/cpxco\/wp-content\/uploads\/sites\/5\/2022\/02\/Trat_XCO_2022_EliteJun-U17-300x253.jpg 300w, https:\/\/sportprobrno.cz\/cpxco\/wp-content\/uploads\/sites\/5\/2022\/02\/Trat_XCO_2022_EliteJun-U17-768x647.jpg 768w, https:\/\/sportprobrno.cz\/cpxco\/wp-content\/uploads\/sites\/5\/2022\/02\/Trat_XCO_2022_EliteJun-U17.jpg 860w\" sizes=\"(max-width: 300px) 100vw, 300px\" \/><\/a><\/p>\n<p><strong>XCO mapa \u017d\u00e1ci, \u017e\u00e1kyn\u011b I, II:<\/strong><\/p>\n<p><a href=\"http:\/\/sportprobrno.cz\/cpxco\/wp-content\/uploads\/sites\/5\/2022\/02\/Trat_XCO_2022_zaci.jpg\"><img loading=\"lazy\" class=\"alignnone size-medium wp-image-554\" src=\"http:\/\/sportprobrno.cz\/cpxco\/wp-content\/uploads\/sites\/5\/2022\/02\/Trat_XCO_2022_zaci-300x263.jpg\" alt=\"\" width=\"300\" height=\"263\" srcset=\"https:\/\/sportprobrno.cz\/cpxco\/wp-content\/uploads\/sites\/5\/2022\/02\/Trat_XCO_2022_zaci-300x263.jpg 300w, https:\/\/sportprobrno.cz\/cpxco\/wp-content\/uploads\/sites\/5\/2022\/02\/Trat_XCO_2022_zaci-768x672.jpg 768w, https:\/\/sportprobrno.cz\/cpxco\/wp-content\/uploads\/sites\/5\/2022\/02\/Trat_XCO_2022_zaci.jpg 825w\" sizes=\"(max-width: 300px) 100vw, 300px\" \/><\/a><\/p>\n<p>Sport pro Brno, z.s., Marie Steyskalov\u00e9 64, 616 00 BRNO, I\u010c: 22750266, vidlak@sportprobrno.cz,<\/p>\n<p>Tel. +420605432220<\/p>\n","protected":false},"excerpt":{"rendered":"<p>\u00a0 IZOMAT MTB CUP 2022 \u010cesk\u00fd poh\u00e1r horsk\u00fdch kol 2022\u00a0 Cross-Country\u00a0\u00a0 &#8211;\u00a0 1. z\u00e1vod\u00a0 BRNO \u00a0\u00a0\u00a0\u00a0 DATE &amp; LOCATION:\u00a0\u00a0\u00a0\u00a0\u00a0 2. &#8211; 3. 4. 2022\u00a0\u00a0\u00a0 Brno, CZE \u00a0\u00a0\u00a0\u00a0\u00a0\u00a0\u00a0\u00a0\u00a0\u00a0\u00a0\u00a0\u00a0\u00a0\u00a0\u00a0\u00a0\u00a0\u00a0\u00a0\u00a0\u00a0\u00a0\u00a0\u00a0\u00a0\u00a0\u00a0\u00a0\u00a0\u00a0\u00a0\u00a0\u00a0\u00a0\u00a0\u00a0\u00a0\u00a0\u00a0\u00a0\u00a0 Anthropos Arena \u00a0\u00a0\u00a0\u00a0\u00a0 KONTAKT: Po\u0159adatel: \u00a0\u00a0\u00a0\u00a0\u00a0\u00a0\u00a0\u00a0\u00a0\u00a0\u00a0\u00a0\u00a0\u00a0\u00a0\u00a0\u00a0\u00a0\u00a0\u00a0\u00a0\u00a0\u00a0Sport pro Brno, z.s., Marie Steyskalov\u00e9 64, 616 00 Brno, I\u010c22750266 \u0158editel z\u00e1vodu:\u00a0\u00a0\u00a0\u00a0\u00a0\u00a0\u00a0\u00a0\u00a0\u00a0\u00a0\u00a0\u00a0 Lubom\u00edr Vidl\u00e1k,\u00a0 +420 605 432\u00a0220, e-mail: vidlak@sportprobrno.cz Technick\u00fd \u0159editel:\u00a0\u00a0\u00a0\u00a0\u00a0\u00a0\u00a0\u00a0\u00a0 Luk\u00e1\u0161<\/p>\n<p><a href=\"https:\/\/sportprobrno.cz\/cpxco\/propozice\/\" class=\"more-link themebutton\">Read More<\/a><\/p>\n","protected":false},"author":1,"featured_media":0,"parent":0,"menu_order":20,"comment_status":"closed","ping_status":"closed","template":"","meta":[],"_links":{"self":[{"href":"https:\/\/sportprobrno.cz\/cpxco\/wp-json\/wp\/v2\/pages\/15"}],"collection":[{"href":"https:\/\/sportprobrno.cz\/cpxco\/wp-json\/wp\/v2\/pages"}],"about":[{"href":"https:\/\/sportprobrno.cz\/cpxco\/wp-json\/wp\/v2\/types\/page"}],"author":[{"embeddable":true,"href":"https:\/\/sportprobrno.cz\/cpxco\/wp-json\/wp\/v2\/users\/1"}],"replies":[{"embeddable":true,"href":"https:\/\/sportprobrno.cz\/cpxco\/wp-json\/wp\/v2\/comments?post=15"}],"version-history":[{"count":67,"href":"https:\/\/sportprobrno.cz\/cpxco\/wp-json\/wp\/v2\/pages\/15\/revisions"}],"predecessor-version":[{"id":617,"href":"https:\/\/sportprobrno.cz\/cpxco\/wp-json\/wp\/v2\/pages\/15\/revisions\/617"}],"wp:attachment":[{"href":"https:\/\/sportprobrno.cz\/cpxco\/wp-json\/wp\/v2\/media?parent=15"}],"curies":[{"name":"wp","href":"https:\/\/api.w.org\/{rel}","templated":true}]}}