{"id":13,"date":"2015-05-13T11:46:23","date_gmt":"2015-05-13T10:46:23","guid":{"rendered":"http:\/\/sportprobrno.cz\/cpxco\/?page_id=13"},"modified":"2022-03-31T19:38:49","modified_gmt":"2022-03-31T18:38:49","slug":"program","status":"publish","type":"page","link":"https:\/\/sportprobrno.cz\/cpxco\/program\/","title":{"rendered":"Program"},"content":{"rendered":"<p><strong><em>\u00a0<\/em><\/strong><\/p>\n<p><strong>\u010casov\u00fd pl\u00e1n:<\/strong><\/p>\n<p><strong>P\u00e1tek 1. dubna<\/strong><\/p>\n<p>16:00 \u2013 19:00\u00a0\u00a0\u00a0\u00a0\u00a0\u00a0\u00a0\u00a0\u00a0\u00a0\u00a0\u00a0\u00a0\u00a0\u00a0\u00a0\u00a0\u00a0\u00a0\u00a0 Kancel\u00e1\u0159 z\u00e1vodu<br \/>\n17:00 \u2013 19:00\u00a0\u00a0\u00a0\u00a0\u00a0\u00a0\u00a0\u00a0\u00a0\u00a0\u00a0\u00a0\u00a0\u00a0\u00a0\u00a0\u00a0\u00a0\u00a0\u00a0 Ofici\u00e1ln\u00ed tr\u00e9nink trati XCO pro v\u0161echny sobotn\u00ed kategorie<\/p>\n<p>17:00 \u2013 19:00\u00a0\u00a0\u00a0\u00a0\u00a0\u00a0\u00a0\u00a0\u00a0\u00a0\u00a0\u00a0\u00a0\u00a0\u00a0\u00a0\u00a0\u00a0\u00a0\u00a0 Vylosov\u00e1n\u00ed a tr\u00e9nink technick\u00fdch sekc\u00ed \u017e\u00e1kovsk\u00e9 kategorie<br \/>\n19:30\u00a0 \u00a0\u00a0\u00a0\u00a0\u00a0\u00a0\u00a0\u00a0\u00a0\u00a0\u00a0\u00a0\u00a0\u00a0\u00a0\u00a0\u00a0\u00a0\u00a0\u00a0\u00a0\u00a0\u00a0\u00a0\u00a0\u00a0\u00a0\u00a0\u00a0\u00a0\u00a0\u00a0\u00a0 Sch\u016fze mana\u017eer\u016f t\u00fdm\u016f k\u00a0sobotn\u00edm z\u00e1vod\u016fm UCI<\/p>\n<p><strong>Sobota 2. dubna<\/strong><\/p>\n<p>08:00 &#8211; 18:00\u00a0 \u00a0\u00a0\u00a0\u00a0\u00a0\u00a0\u00a0\u00a0\u00a0\u00a0\u00a0\u00a0\u00a0\u00a0\u00a0\u00a0\u00a0\u00a0\u00a0 Kancel\u00e1\u0159 z\u00e1vodu<\/p>\n<p>08:00 &#8211; 09:15\u00a0\u00a0\u00a0\u00a0\u00a0\u00a0\u00a0\u00a0\u00a0\u00a0\u00a0\u00a0\u00a0\u00a0\u00a0\u00a0\u00a0\u00a0\u00a0\u00a0\u00a0 Ofici\u00e1ln\u00ed tr\u00e9nink trati XCO pro v\u0161echny sobotn\u00ed kategorie<\/p>\n<p>9:30 \u00a0\u00a0\u00a0\u00a0\u00a0\u00a0\u00a0\u00a0\u00a0\u00a0\u00a0\u00a0\u00a0\u00a0\u00a0\u00a0\u00a0\u00a0\u00a0\u00a0\u00a0\u00a0\u00a0\u00a0\u00a0\u00a0\u00a0\u00a0\u00a0\u00a0\u00a0\u00a0\u00a0\u00a0\u00a0\u00a0\u00a0 Kadeti (45 min = 3-4 kola), Masters, Experti, (55 min = 4-5 kol)<\/p>\n<p>11:00\u00a0\u00a0\u00a0\u00a0\u00a0\u00a0\u00a0\u00a0\u00a0\u00a0\u00a0\u00a0\u00a0\u00a0\u00a0\u00a0\u00a0\u00a0\u00a0\u00a0 \u00a0\u00a0\u00a0\u00a0\u00a0\u00a0\u00a0\u00a0\u00a0\u00a0\u00a0\u00a0\u00a0\u00a0\u00a0\u00a0\u00a0\u00a0\u00a0\u00a0\u00a0\u00a0\u00a0\u00a0\u00a0\u00a0\u00a0\u00a0\u00a0\u00a0 Junio\u0159i <em>(1 hod = cca 5-6 kol)<\/em><\/p>\n<p>12:30 &#8211; 13:15\u00a0\u00a0\u00a0\u00a0\u00a0\u00a0\u00a0\u00a0\u00a0\u00a0\u00a0\u00a0\u00a0\u00a0\u00a0\u00a0\u00a0\u00a0\u00a0\u00a0\u00a0 Ofici\u00e1ln\u00ed tr\u00e9nink na trati XCO pro odpoledn\u00ed kategorie<\/p>\n<p>13:30\u00a0 \u00a0\u00a0 \u00a0\u00a0\u00a0\u00a0\u00a0\u00a0\u00a0\u00a0\u00a0\u00a0\u00a0\u00a0\u00a0\u00a0\u00a0\u00a0\u00a0\u00a0\u00a0\u00a0\u00a0\u00a0\u00a0\u00a0\u00a0\u00a0\u00a0\u00a0\u00a0\u00a0 \u017deny Elite\/U23, Juniorky, Kadetky\u00a0(1:15 hod = 5,4,3 kola)<em>)<\/em><\/p>\n<p>15:30\u00a0\u00a0 \u00a0 \u00a0\u00a0\u00a0\u00a0\u00a0\u00a0\u00a0\u00a0\u00a0\u00a0\u00a0\u00a0\u00a0\u00a0\u00a0\u00a0\u00a0\u00a0\u00a0\u00a0\u00a0\u00a0\u00a0\u00a0\u00a0\u00a0\u00a0\u00a0\u00a0\u00a0 Mu\u017ei Elite \/U23 (1:30 hod = 7-8 kol)<\/p>\n<p><strong>VYHL\u00c1\u0160EN\u00cd V\u00ddSLEDKU PROB\u011aHNE PO DOJEZDU KA\u017dD\u00c9HO Z\u00c1VODU!!!<\/strong><\/p>\n<p>17:00 \u2013 18:00\u00a0\u00a0\u00a0\u00a0\u00a0\u00a0\u00a0\u00a0\u00a0\u00a0\u00a0\u00a0\u00a0\u00a0\u00a0\u00a0\u00a0\u00a0\u00a0\u00a0 Ofici\u00e1ln\u00ed tr\u00e9nink na \u017e\u00e1kovsk\u00e9 a d\u011btsk\u00fdch trat\u00edch XCO pro v\u0161echny kat. z\u00e1vod\u00edc\u00ed v ned\u011bli<\/p>\n<p><strong><span style=\"color: #ff0000;\">18:30\u00a0 \u00a0 \u00a0 \u00a0 \u00a0 \u00a0 \u00a0 \u00a0 \u00a0 \u00a0 \u00a0 \u00a0 \u00a0 \u00a0 \u00a0 \u00a0 \u00a0 \u00a0Meeting s\u00a0po\u0159adatelem k\u00a0ned\u011bln\u00edm z\u00e1vod\u016fm (d\u011bti, \u017e\u00e1ci)<\/span><\/strong><\/p>\n<p><strong>Ned\u011ble 3. dubna<\/strong><\/p>\n<p>8:30-15:00 \u00a0\u00a0\u00a0\u00a0\u00a0\u00a0\u00a0\u00a0\u00a0\u00a0\u00a0\u00a0\u00a0\u00a0\u00a0\u00a0\u00a0\u00a0\u00a0\u00a0\u00a0\u00a0\u00a0\u00a0\u00a0 Kancel\u00e1\u0159 z\u00e1vodu<\/p>\n<p>9:30\u00a0\u00a0\u00a0\u00a0\u00a0\u00a0\u00a0\u00a0\u00a0\u00a0\u00a0\u00a0\u00a0\u00a0\u00a0\u00a0\u00a0\u00a0\u00a0\u00a0\u00a0\u00a0\u00a0\u00a0\u00a0\u00a0\u00a0\u00a0\u00a0\u00a0\u00a0\u00a0\u00a0\u00a0\u00a0\u00a0\u00a0\u00a0 Meeting s\u00a0po\u0159adatelem k\u00a0ned\u011bln\u00edm z\u00e1vod\u016fm (d\u011bti, \u017e\u00e1ci)<\/p>\n<p><strong>Technick\u00e9 discipl\u00edny<\/strong><\/p>\n<p>08:30 &#8211; 13:00 \u00a0\u00a0\u00a0\u00a0\u00a0\u00a0\u00a0\u00a0\u00a0\u00a0\u00a0\u00a0\u00a0\u00a0\u00a0\u00a0\u00a0\u00a0\u00a0\u00a0\u00a0 Technick\u00e9 discipl\u00edny<\/p>\n<p>08:30 &#8211; 09:00\u00a0\u00a0\u00a0\u00a0\u00a0\u00a0\u00a0\u00a0\u00a0\u00a0\u00a0\u00a0\u00a0\u00a0\u00a0\u00a0\u00a0\u00a0\u00a0\u00a0\u00a0\u00a0 \u017d\u00e1kyn\u011b I<br \/>\n09:00 &#8211; 10:30\u00a0 \u00a0\u00a0\u00a0\u00a0\u00a0\u00a0\u00a0\u00a0\u00a0\u00a0\u00a0\u00a0\u00a0\u00a0\u00a0\u00a0\u00a0\u00a0\u00a0\u00a0 \u017d\u00e1ci I<br \/>\n10:30 &#8211; 11:30 \u00a0\u00a0\u00a0\u00a0\u00a0\u00a0\u00a0\u00a0\u00a0\u00a0\u00a0\u00a0\u00a0\u00a0\u00a0\u00a0\u00a0\u00a0\u00a0\u00a0\u00a0 \u017d\u00e1kyn\u011b II<br \/>\n11:30 &#8211; 13:00 \u00a0\u00a0\u00a0\u00a0\u00a0\u00a0\u00a0\u00a0\u00a0\u00a0\u00a0\u00a0\u00a0\u00a0\u00a0\u00a0\u00a0\u00a0\u00a0\u00a0\u00a0 \u017d\u00e1ci II<\/p>\n<p><strong>XCO<\/strong><\/p>\n<p>9:00\u00a0\u00a0\u00a0\u00a0\u00a0\u00a0\u00a0\u00a0\u00a0\u00a0\u00a0\u00a0\u00a0\u00a0\u00a0\u00a0\u00a0\u00a0\u00a0\u00a0\u00a0\u00a0\u00a0\u00a0\u00a0\u00a0\u00a0\u00a0\u00a0\u00a0\u00a0\u00a0\u00a0\u00a0\u00a0\u00a0\u00a0\u00a0 Odr\u00e1\u017eedla (2-3 min)<\/p>\n<p>9:10\u00a0 \u00a0\u00a0\u00a0\u00a0\u00a0\u00a0\u00a0\u00a0\u00a0\u00a0\u00a0\u00a0\u00a0\u00a0\u00a0\u00a0\u00a0\u00a0\u00a0\u00a0\u00a0\u00a0\u00a0\u00a0\u00a0\u00a0\u00a0\u00a0\u00a0\u00a0\u00a0\u00a0\u00a0\u00a0\u00a0\u00a0 Holky a kluci 3-4 let spole\u010dn\u011b (3-5 min)<\/p>\n<p>9:25\u00a0 \u00a0\u00a0\u00a0\u00a0\u00a0\u00a0\u00a0\u00a0\u00a0\u00a0\u00a0\u00a0\u00a0\u00a0\u00a0\u00a0\u00a0\u00a0\u00a0\u00a0\u00a0\u00a0\u00a0\u00a0\u00a0\u00a0\u00a0\u00a0\u00a0\u00a0\u00a0\u00a0\u00a0\u00a0\u00a0\u00a0 Holky a kluci 5-6 let spole\u010dn\u011b (5-7 min)<\/p>\n<p>9:40\u00a0 \u00a0\u00a0\u00a0\u00a0\u00a0\u00a0\u00a0\u00a0\u00a0\u00a0\u00a0\u00a0\u00a0\u00a0\u00a0\u00a0\u00a0\u00a0\u00a0\u00a0\u00a0\u00a0\u00a0\u00a0\u00a0\u00a0\u00a0\u00a0\u00a0\u00a0\u00a0\u00a0\u00a0\u00a0\u00a0\u00a0 Holky 7-8 let(7-9 min)<\/p>\n<p>10:00\u00a0\u00a0\u00a0\u00a0\u00a0\u00a0\u00a0\u00a0\u00a0\u00a0\u00a0\u00a0\u00a0\u00a0\u00a0\u00a0\u00a0\u00a0\u00a0\u00a0\u00a0\u00a0\u00a0\u00a0\u00a0\u00a0\u00a0\u00a0\u00a0\u00a0\u00a0\u00a0\u00a0\u00a0\u00a0\u00a0 Kluci 7-8 let(7-9 min)<\/p>\n<p>10:20\u00a0\u00a0\u00a0\u00a0 \u00a0\u00a0\u00a0\u00a0\u00a0\u00a0\u00a0\u00a0\u00a0\u00a0\u00a0\u00a0\u00a0\u00a0\u00a0\u00a0\u00a0\u00a0\u00a0\u00a0\u00a0\u00a0\u00a0\u00a0\u00a0\u00a0\u00a0\u00a0\u00a0\u00a0\u00a0 Holky 9-10 let (9-11 min)<\/p>\n<p>10:45\u00a0\u00a0\u00a0\u00a0\u00a0\u00a0\u00a0\u00a0\u00a0\u00a0\u00a0\u00a0\u00a0\u00a0\u00a0\u00a0\u00a0\u00a0\u00a0\u00a0\u00a0\u00a0\u00a0\u00a0\u00a0\u00a0\u00a0\u00a0\u00a0\u00a0\u00a0\u00a0\u00a0\u00a0\u00a0\u00a0 Kluci 9-10 let (9-11 min)<\/p>\n<p><strong>VYHL\u00c1\u0160EN\u00cd V\u00ddSLEDKU PROB\u011aHNE PO DOJEZDU KA\u017dD\u00c9HO Z\u00c1VODU!!!<\/strong><\/p>\n<p>Tr\u00e9nink \u2013 tr\u00e9nink je mo\u017en\u00fd po cel\u00fd den na trat\u00edch<\/p>\n<p>11:30\u00a0\u00a0\u00a0\u00a0\u00a0\u00a0\u00a0\u00a0\u00a0\u00a0\u00a0\u00a0\u00a0\u00a0\u00a0\u00a0\u00a0\u00a0\u00a0\u00a0\u00a0\u00a0\u00a0\u00a0\u00a0\u00a0\u00a0\u00a0\u00a0\u00a0\u00a0\u00a0\u00a0\u00a0\u00a0\u00a0 \u017d\u00e1kyn\u011b I (15-20 min)<\/p>\n<p>12:00 \u00a0\u00a0\u00a0\u00a0\u00a0\u00a0\u00a0\u00a0\u00a0\u00a0\u00a0\u00a0\u00a0\u00a0\u00a0\u00a0\u00a0\u00a0\u00a0\u00a0\u00a0\u00a0\u00a0\u00a0\u00a0\u00a0\u00a0\u00a0\u00a0\u00a0\u00a0\u00a0\u00a0\u00a0\u00a0 \u017d\u00e1ci I\u00a0 (15-20 min)<\/p>\n<p>12:30\u00a0\u00a0\u00a0\u00a0\u00a0\u00a0\u00a0\u00a0\u00a0\u00a0\u00a0\u00a0\u00a0\u00a0\u00a0\u00a0\u00a0\u00a0\u00a0\u00a0\u00a0\u00a0\u00a0\u00a0\u00a0\u00a0\u00a0\u00a0\u00a0\u00a0\u00a0\u00a0\u00a0\u00a0\u00a0\u00a0 \u017d\u00e1kyn\u011b II (25-30 min)<\/p>\n<p>13:30\u00a0\u00a0\u00a0\u00a0\u00a0\u00a0\u00a0\u00a0\u00a0\u00a0\u00a0\u00a0\u00a0\u00a0\u00a0\u00a0\u00a0\u00a0\u00a0\u00a0\u00a0\u00a0\u00a0\u00a0\u00a0\u00a0\u00a0\u00a0\u00a0\u00a0\u00a0\u00a0\u00a0\u00a0\u00a0\u00a0 \u017d\u00e1ci II (25-30 min)<\/p>\n<p><strong>VYHL\u00c1\u0160EN\u00cd V\u00ddSLEDKU PROB\u011aHNE PO DOJEZDU KA\u017dD\u00c9HO Z\u00c1VODU!!!<\/strong><\/p>\n<p><strong>\u00a0<\/strong><\/p>\n","protected":false},"excerpt":{"rendered":"<p>\u00a0 \u010casov\u00fd pl\u00e1n: P\u00e1tek 1. dubna 16:00 \u2013 19:00\u00a0\u00a0\u00a0\u00a0\u00a0\u00a0\u00a0\u00a0\u00a0\u00a0\u00a0\u00a0\u00a0\u00a0\u00a0\u00a0\u00a0\u00a0\u00a0\u00a0 Kancel\u00e1\u0159 z\u00e1vodu 17:00 \u2013 19:00\u00a0\u00a0\u00a0\u00a0\u00a0\u00a0\u00a0\u00a0\u00a0\u00a0\u00a0\u00a0\u00a0\u00a0\u00a0\u00a0\u00a0\u00a0\u00a0\u00a0 Ofici\u00e1ln\u00ed tr\u00e9nink trati XCO pro v\u0161echny sobotn\u00ed kategorie 17:00 \u2013 19:00\u00a0\u00a0\u00a0\u00a0\u00a0\u00a0\u00a0\u00a0\u00a0\u00a0\u00a0\u00a0\u00a0\u00a0\u00a0\u00a0\u00a0\u00a0\u00a0\u00a0 Vylosov\u00e1n\u00ed a tr\u00e9nink technick\u00fdch sekc\u00ed \u017e\u00e1kovsk\u00e9 kategorie 19:30\u00a0 \u00a0\u00a0\u00a0\u00a0\u00a0\u00a0\u00a0\u00a0\u00a0\u00a0\u00a0\u00a0\u00a0\u00a0\u00a0\u00a0\u00a0\u00a0\u00a0\u00a0\u00a0\u00a0\u00a0\u00a0\u00a0\u00a0\u00a0\u00a0\u00a0\u00a0\u00a0\u00a0\u00a0 Sch\u016fze mana\u017eer\u016f t\u00fdm\u016f k\u00a0sobotn\u00edm z\u00e1vod\u016fm UCI Sobota 2. dubna 08:00 &#8211; 18:00\u00a0 \u00a0\u00a0\u00a0\u00a0\u00a0\u00a0\u00a0\u00a0\u00a0\u00a0\u00a0\u00a0\u00a0\u00a0\u00a0\u00a0\u00a0\u00a0\u00a0 Kancel\u00e1\u0159 z\u00e1vodu 08:00 &#8211; 09:15\u00a0\u00a0\u00a0\u00a0\u00a0\u00a0\u00a0\u00a0\u00a0\u00a0\u00a0\u00a0\u00a0\u00a0\u00a0\u00a0\u00a0\u00a0\u00a0\u00a0\u00a0 Ofici\u00e1ln\u00ed tr\u00e9nink trati<\/p>\n<p><a href=\"https:\/\/sportprobrno.cz\/cpxco\/program\/\" class=\"more-link themebutton\">Read More<\/a><\/p>\n","protected":false},"author":1,"featured_media":0,"parent":0,"menu_order":10,"comment_status":"closed","ping_status":"closed","template":"","meta":[],"_links":{"self":[{"href":"https:\/\/sportprobrno.cz\/cpxco\/wp-json\/wp\/v2\/pages\/13"}],"collection":[{"href":"https:\/\/sportprobrno.cz\/cpxco\/wp-json\/wp\/v2\/pages"}],"about":[{"href":"https:\/\/sportprobrno.cz\/cpxco\/wp-json\/wp\/v2\/types\/page"}],"author":[{"embeddable":true,"href":"https:\/\/sportprobrno.cz\/cpxco\/wp-json\/wp\/v2\/users\/1"}],"replies":[{"embeddable":true,"href":"https:\/\/sportprobrno.cz\/cpxco\/wp-json\/wp\/v2\/comments?post=13"}],"version-history":[{"count":46,"href":"https:\/\/sportprobrno.cz\/cpxco\/wp-json\/wp\/v2\/pages\/13\/revisions"}],"predecessor-version":[{"id":618,"href":"https:\/\/sportprobrno.cz\/cpxco\/wp-json\/wp\/v2\/pages\/13\/revisions\/618"}],"wp:attachment":[{"href":"https:\/\/sportprobrno.cz\/cpxco\/wp-json\/wp\/v2\/media?parent=13"}],"curies":[{"name":"wp","href":"https:\/\/api.w.org\/{rel}","templated":true}]}}