{"id":19,"date":"2015-10-12T16:53:18","date_gmt":"2015-10-12T15:53:18","guid":{"rendered":"http:\/\/sportprobrno.cz\/toitoicup\/?page_id=19"},"modified":"2015-10-13T08:31:01","modified_gmt":"2015-10-13T07:31:01","slug":"registrace","status":"publish","type":"page","link":"http:\/\/sportprobrno.cz\/toitoicup\/registrace\/","title":{"rendered":"Registrace"},"content":{"rendered":"<p><strong>P\u0159ihl\u00e1\u0161ky:<\/strong> \u00a0 P\u0159ihl\u00e1\u0161ky pro kategorie, zapo\u010d\u00edtavan\u00e9 do po\u0159ad\u00ed TOI TOI CUP 2015\/2016 se zas\u00edlaj\u00ed na adresu Agentura Cyklistika s.r.o., Are\u00e1l Komora, Na Byd\u017eov\u011b 3122, S\u00eddli\u0161t\u011b nad Lu\u017enic\u00ed, 390 05 T\u00e1bor, tel.:\u00a0+420\u00a0380\u00a0120\u00a0780, fax:\u00a0+420\u00a0380\u00a0120\u00a0527, e-mail: <strong><a href=\"mailto:info@cyklokros.cz\">info@cyklokros.cz<\/a><\/strong> nejpozd\u011bji 3 dny p\u0159ed startem p\u0159\u00edslu\u0161n\u00e9ho z\u00e1vodu, tj. do 24. listopadu 2015.<\/p>\n","protected":false},"excerpt":{"rendered":"<p>P\u0159ihl\u00e1\u0161ky: \u00a0 P\u0159ihl\u00e1\u0161ky pro kategorie, zapo\u010d\u00edtavan\u00e9 do po\u0159ad\u00ed TOI TOI CUP 2015\/2016 se zas\u00edlaj\u00ed na adresu Agentura Cyklistika s.r.o., Are\u00e1l Komora, Na Byd\u017eov\u011b 3122, S\u00eddli\u0161t\u011b nad Lu\u017enic\u00ed, 390 05 T\u00e1bor, tel.:\u00a0+420\u00a0380\u00a0120\u00a0780, fax:\u00a0+420\u00a0380\u00a0120\u00a0527, e-mail: info@cyklokros.cz nejpozd\u011bji 3 dny p\u0159ed startem p\u0159\u00edslu\u0161n\u00e9ho z\u00e1vodu, tj. do 24. listopadu 2015.<\/p>\n","protected":false},"author":1,"featured_media":0,"parent":0,"menu_order":0,"comment_status":"open","ping_status":"open","template":"","meta":[],"_links":{"self":[{"href":"http:\/\/sportprobrno.cz\/toitoicup\/wp-json\/wp\/v2\/pages\/19"}],"collection":[{"href":"http:\/\/sportprobrno.cz\/toitoicup\/wp-json\/wp\/v2\/pages"}],"about":[{"href":"http:\/\/sportprobrno.cz\/toitoicup\/wp-json\/wp\/v2\/types\/page"}],"author":[{"embeddable":true,"href":"http:\/\/sportprobrno.cz\/toitoicup\/wp-json\/wp\/v2\/users\/1"}],"replies":[{"embeddable":true,"href":"http:\/\/sportprobrno.cz\/toitoicup\/wp-json\/wp\/v2\/comments?post=19"}],"version-history":[{"count":2,"href":"http:\/\/sportprobrno.cz\/toitoicup\/wp-json\/wp\/v2\/pages\/19\/revisions"}],"predecessor-version":[{"id":41,"href":"http:\/\/sportprobrno.cz\/toitoicup\/wp-json\/wp\/v2\/pages\/19\/revisions\/41"}],"wp:attachment":[{"href":"http:\/\/sportprobrno.cz\/toitoicup\/wp-json\/wp\/v2\/media?parent=19"}],"curies":[{"name":"wp","href":"https:\/\/api.w.org\/{rel}","templated":true}]}}