{"id":17,"date":"2015-10-12T16:53:04","date_gmt":"2015-10-12T15:53:04","guid":{"rendered":"http:\/\/sportprobrno.cz\/toitoicup\/?page_id=17"},"modified":"2015-12-03T20:16:44","modified_gmt":"2015-12-03T19:16:44","slug":"vysledky","status":"publish","type":"page","link":"http:\/\/sportprobrno.cz\/toitoicup\/vysledky\/","title":{"rendered":"V\u00fdsledky"},"content":{"rendered":"<p>V\u00fdsledky poh\u00e1rov\u00fdch kategori\u00ed TOI TOI CUPu v Brn\u011b 2015 najdete zde: <span style=\"color: #0000ff;\"><strong><a style=\"color: #0000ff;\" href=\"http:\/\/www.cyklokros.cz\/cz\/toi-toi-cup-2015-2016\/toi-toi-cup-2015-16\/brno\/vysledky\" target=\"_blank\">V\u00ddSLEDKY<\/a><\/strong><\/span><\/p>\n<p>V\u00fdsledky kategorieMasters Open jsou: <span style=\"color: #0000ff;\"><strong><a style=\"color: #0000ff;\" href=\"http:\/\/sportprobrno.cz\/toitoicup\/wp-content\/uploads\/sites\/6\/2015\/10\/masters.pdf\">masters<\/a><\/strong><\/span><\/p>\n","protected":false},"excerpt":{"rendered":"<p>V\u00fdsledky poh\u00e1rov\u00fdch kategori\u00ed TOI TOI CUPu v Brn\u011b 2015 najdete zde: V\u00ddSLEDKY V\u00fdsledky kategorieMasters Open jsou: masters<\/p>\n","protected":false},"author":1,"featured_media":0,"parent":0,"menu_order":0,"comment_status":"open","ping_status":"open","template":"","meta":[],"_links":{"self":[{"href":"http:\/\/sportprobrno.cz\/toitoicup\/wp-json\/wp\/v2\/pages\/17"}],"collection":[{"href":"http:\/\/sportprobrno.cz\/toitoicup\/wp-json\/wp\/v2\/pages"}],"about":[{"href":"http:\/\/sportprobrno.cz\/toitoicup\/wp-json\/wp\/v2\/types\/page"}],"author":[{"embeddable":true,"href":"http:\/\/sportprobrno.cz\/toitoicup\/wp-json\/wp\/v2\/users\/1"}],"replies":[{"embeddable":true,"href":"http:\/\/sportprobrno.cz\/toitoicup\/wp-json\/wp\/v2\/comments?post=17"}],"version-history":[{"count":7,"href":"http:\/\/sportprobrno.cz\/toitoicup\/wp-json\/wp\/v2\/pages\/17\/revisions"}],"predecessor-version":[{"id":78,"href":"http:\/\/sportprobrno.cz\/toitoicup\/wp-json\/wp\/v2\/pages\/17\/revisions\/78"}],"wp:attachment":[{"href":"http:\/\/sportprobrno.cz\/toitoicup\/wp-json\/wp\/v2\/media?parent=17"}],"curies":[{"name":"wp","href":"https:\/\/api.w.org\/{rel}","templated":true}]}}