{"id":15,"date":"2015-10-12T16:52:50","date_gmt":"2015-10-12T15:52:50","guid":{"rendered":"http:\/\/sportprobrno.cz\/toitoicup\/?page_id=15"},"modified":"2015-10-20T14:50:33","modified_gmt":"2015-10-20T13:50:33","slug":"propozice","status":"publish","type":"page","link":"http:\/\/sportprobrno.cz\/toitoicup\/propozice\/","title":{"rendered":"Propozice"},"content":{"rendered":"<p><strong>10. <\/strong><strong>z\u00e1vod TOI TOI CUP 2015\/2016<\/strong><\/p>\n<p><strong>N\u00e1rodn\u00ed z\u00e1vod pro kategorie \u017e\u00e1ci, kadeti, kadetky<\/strong><strong>, junio\u0159i, \u017eeny<\/strong><\/p>\n<p><strong>Ve\u0159ejn\u00fd z\u00e1vod MASTERS<\/strong><\/p>\n<p><strong>Brno \u2013 sobota 28. listopadu 2015<\/strong><\/p>\n<p><strong>\u00a0<\/strong><\/p>\n<p><strong>Po\u0159adatel:\u00a0 <\/strong>Sport pro Brno,z.s., Marie Steyskalov\u00e9 64, 616 00 Brno, I\u010c 22750266, www.sportprobrno.cz<\/p>\n<p><strong>Datum:<\/strong>\u00a0\u00a0 Sobota 28.11.2015<\/p>\n<p><strong>M\u00edsto kon\u00e1n\u00ed:\u00a0 <\/strong>Brno, Pis\u00e1rky, Bikear\u00e9na Anthropos<\/p>\n<p>&nbsp;<\/p>\n<p><strong>\u0158editel z\u00e1vodu:<\/strong> Lubom\u00edr Vidl\u00e1k<\/p>\n<p>mobil: +420 605432220<\/p>\n<p>e-mail: <strong><a href=\"mailto:vidlak@sportprobrno.cz\">vidlak@sportprobrno.cz<\/a><\/strong><\/p>\n<p><strong>Sekret\u00e1\u0159 z\u00e1vodu:<\/strong>\u00a0 Milan Kucha\u0159\u00edk<\/p>\n<p>tel: +420 732162590<\/p>\n<p>e-mail: <strong><a href=\"mailto:milku@post.cz\">milku@post.cz<\/a><\/strong><\/p>\n<p><strong>Hlavn\u00ed rozhod\u010d\u00ed:<\/strong>\u00a0 Dana ZBO\u0158ILOV\u00c1, CZE<\/p>\n<p>&nbsp;<\/p>\n<p><strong>P\u0159ihl\u00e1\u0161ky:<\/strong> \u00a0 P\u0159ihl\u00e1\u0161ky pro kategorie, zapo\u010d\u00edtavan\u00e9 do po\u0159ad\u00ed TOI TOI CUP 2015\/2016 se zas\u00edlaj\u00ed na adresu Agentura Cyklistika s.r.o., Are\u00e1l Komora, Na Byd\u017eov\u011b 3122, S\u00eddli\u0161t\u011b nad Lu\u017enic\u00ed, 390 05 T\u00e1bor, tel.:\u00a0+420\u00a0380\u00a0120\u00a0780, fax:\u00a0+420\u00a0380\u00a0120\u00a0527, e-mail: <strong><a href=\"mailto:info@cyklokros.cz\">info@cyklokros.cz<\/a><\/strong> nejpozd\u011bji 3 dny p\u0159ed startem p\u0159\u00edslu\u0161n\u00e9ho z\u00e1vodu, tj. do 24. listopadu 2015.<\/p>\n<p>P\u0159ihl\u00e1\u0161ky pro Ve\u0159ejn\u00fd z\u00e1vod Masters se zas\u00edlaj\u00ed na adresu po\u0159adatele Milana Kucha\u0159\u00edka e -mail: <strong><a href=\"mailto:milku@post.cz\">milku@post.cz<\/a> <\/strong>.<\/p>\n<p>&nbsp;<\/p>\n<p><strong>Podm\u00ednka \u00fa\u010dasti:\u00a0 <\/strong>Ka\u017ed\u00fd z\u00e1vodn\u00edk z\u00e1vod\u016f TOI TOI CUP p\u0159edlo\u017e\u00ed platnou licenci pro rok 2015. Z\u00e1vodn\u00edci kategorie MASTERS startuj\u00ed s licenc\u00ed i bez licence.<\/p>\n<p><strong>Startovn\u00e9:\u00a0 <\/strong>dle rozpisu sout\u011b\u017ee TOI TOI CUP 2015\/2016<\/p>\n<p><strong>Kancel\u00e1\u0159 z\u00e1vodu:\u00a0 <\/strong>Sportovn\u00ed stadion za Anthroposem, Brno Pis\u00e1rky 8:30 \u2013 17:00<\/p>\n<p><strong>Startovn\u00ed \u010d\u00edsla:\u00a0 <\/strong>V kancel\u00e1\u0159i z\u00e1vodu dne 28.11.2015 od 8:30 hodin.<\/p>\n<p>V\u00fddej startovn\u00edch \u010d\u00edsel pro ml\u00e1de\u017enick\u00e9 kategorie nejpozd\u011bji do 9:30 hodin, pro kategorii \u017eeny nejpozd\u011bji do 11:30 hodin a pro kategorii MASTERS nejpozd\u011bji do 13:00 hodin.<\/p>\n<p>&nbsp;<\/p>\n<p><strong>Program:<\/strong>\u00a0 10:00 hodin\u00a0\u00a0\u00a0 \u017d\u00c1CI STAR\u0160\u00cd (spole\u010dn\u011b \u017e\u00e1ci star\u0161\u00ed + \u017e\u00e1ci mlad\u0161\u00ed)\u00a0 KADETKY (spole\u010dn\u011b kadetky a \u017e\u00e1kyn\u011b)<\/p>\n<p>10:45 hodin \u00a0\u00a0 KADETI<\/p>\n<p>11:35 hodin\u00a0\u00a0\u00a0 JUNIO\u0158I<\/p>\n<p>12:30 hodin\u00a0\u00a0\u00a0 \u017dENY (\u017eeny Elite a \u017eeny do 23 let)<\/p>\n<p>14:00 hodin\u00a0\u00a0\u00a0 MASTERS<\/p>\n<p><strong>\u00a0<\/strong><\/p>\n<p><strong>P\u0159edpis:<\/strong>\u00a0 Z\u00e1vod\u00ed se podle platn\u00fdch pravidel \u010cSC, rozpisu poh\u00e1rov\u00e9 sout\u011b\u017ee TOI TOI CUP 2015\/2016 a ustanoven\u00ed tohoto rozpisu, z\u00e1vod Masters je pro jezdce s licenc\u00ed i bez licence. V\u00a0p\u0159\u00edpad\u011b poru\u0161en\u00ed pravidel budou uplatn\u011bny sankce dle pravidel \u010cSC.<\/p>\n<p><strong>D\u00e9lka trat\u011b:\u00a0 <\/strong>d\u00e9lka okruhu 2500 m (u kategori\u00ed KADETI, JUNIO\u0158I, \u017dENY a MASTERS bude n\u00e1jezd \u2013 jeden okruh dr\u00e1hy; u kategorie vzhledem ke startu po minut\u011b z\u00e1vodn\u00edci po startu pojedou p\u0159\u00edmo do ter\u00e9nu).<\/p>\n<p>Startovn\u00ed a c\u00edlov\u00e1 rovina 400m \u0161kv\u00e1ra, travnat\u00fd povrch 600m, asfalt 300m, zbytek lesn\u00ed cesty. P\u0159ev\u00fd\u0161en\u00ed trati 63m.<\/p>\n<p><strong>Depo:<\/strong> zdvojen\u00e9<\/p>\n<p>&nbsp;<\/p>\n<p><strong>Vyhl\u00e1\u0161en\u00ed v\u00fdsledk\u016f: <\/strong>Vyhl\u00e1\u0161en\u00ed v\u00fdsledk\u016f pro kategorie \u017e\u00e1ci, kadetky, kadeti, junio\u0159i a \u017eeny bude provedeno v\u00a0uveden\u00e9m po\u0159ad\u00ed kategori\u00ed v\u00a0prostoru c\u00edle ihned po skon\u010den\u00ed z\u00e1vodu \u017een. Prvn\u00ed 3 z\u00e1vodn\u00edci ka\u017ed\u00e9 kategorie se dostav\u00ed na vyhl\u00e1\u0161en\u00ed nejpozd\u011bji do 5 minut po projet\u00ed prvn\u00ed z\u00e1vodnice kategorie \u017een c\u00edlem.<\/p>\n<p>Vyhl\u00e1\u0161en\u00ed v\u00fdsledk\u016f pro kategorii MASTERS bude provedeno v prostoru c\u00edle nejpozd\u011bji do 5 minut po projet\u00ed prvn\u00edho z\u00e1vodn\u00edka c\u00edlem.<\/p>\n<p><strong>\u00a0Ceny:<\/strong> Pro kategorie \u017e\u00e1ci, kadetky, kadeti, \u017eeny a junio\u0159i dle rozpisu TOI TOI CUP 2015\/16.<\/p>\n<p>Pro kategorii MASTERS v\u011bcn\u00e9 ceny pro z\u00e1vodn\u00edky na 1., 2. a 3. m\u00edst\u011b.<\/p>\n<p><strong>\u00a0Dopingov\u00e1 kontrola:<\/strong> Sportovn\u00ed stadion za Anthroposem, Brno Pis\u00e1rky<\/p>\n<p><strong>\u0160atny, sprchy:<\/strong> \u00a0 Sportovn\u00ed stadion za Anthroposem, Brno Pis\u00e1rky<\/p>\n<p><strong>Zdravotn\u00ed zaji\u0161t\u011bn\u00ed:<\/strong> SPP Vy\u0161kov s.r.o.,Pu\u0161kinova 63\/409, 68201 Vy\u0161kov<\/p>\n<p>&nbsp;<\/p>\n<p><strong>Schv\u00e1leno:<\/strong> \u00a0 Komis\u00ed cyklokrosu \u010cSC dne 28.8.2015<\/p>\n<p>&nbsp;<\/p>\n<p>&nbsp;<\/p>\n<p>&nbsp;<\/p>\n","protected":false},"excerpt":{"rendered":"<p>10. z\u00e1vod TOI TOI CUP 2015\/2016 N\u00e1rodn\u00ed z\u00e1vod pro kategorie \u017e\u00e1ci, kadeti, kadetky, junio\u0159i, \u017eeny Ve\u0159ejn\u00fd z\u00e1vod MASTERS Brno \u2013 sobota 28. listopadu 2015 \u00a0 Po\u0159adatel:\u00a0 Sport pro Brno,z.s., Marie Steyskalov\u00e9 64, 616 00 Brno, I\u010c 22750266, www.sportprobrno.cz Datum:\u00a0\u00a0 Sobota 28.11.2015 M\u00edsto kon\u00e1n\u00ed:\u00a0 Brno, Pis\u00e1rky, Bikear\u00e9na Anthropos &nbsp; \u0158editel z\u00e1vodu: Lubom\u00edr Vidl\u00e1k mobil: +420 605432220<\/p>\n<p><a href=\"http:\/\/sportprobrno.cz\/toitoicup\/propozice\/\" class=\"more-link themebutton\">Read More<\/a><\/p>\n","protected":false},"author":1,"featured_media":0,"parent":0,"menu_order":0,"comment_status":"open","ping_status":"open","template":"","meta":[],"_links":{"self":[{"href":"http:\/\/sportprobrno.cz\/toitoicup\/wp-json\/wp\/v2\/pages\/15"}],"collection":[{"href":"http:\/\/sportprobrno.cz\/toitoicup\/wp-json\/wp\/v2\/pages"}],"about":[{"href":"http:\/\/sportprobrno.cz\/toitoicup\/wp-json\/wp\/v2\/types\/page"}],"author":[{"embeddable":true,"href":"http:\/\/sportprobrno.cz\/toitoicup\/wp-json\/wp\/v2\/users\/1"}],"replies":[{"embeddable":true,"href":"http:\/\/sportprobrno.cz\/toitoicup\/wp-json\/wp\/v2\/comments?post=15"}],"version-history":[{"count":6,"href":"http:\/\/sportprobrno.cz\/toitoicup\/wp-json\/wp\/v2\/pages\/15\/revisions"}],"predecessor-version":[{"id":51,"href":"http:\/\/sportprobrno.cz\/toitoicup\/wp-json\/wp\/v2\/pages\/15\/revisions\/51"}],"wp:attachment":[{"href":"http:\/\/sportprobrno.cz\/toitoicup\/wp-json\/wp\/v2\/media?parent=15"}],"curies":[{"name":"wp","href":"https:\/\/api.w.org\/{rel}","templated":true}]}}