{"id":13,"date":"2015-10-12T16:52:33","date_gmt":"2015-10-12T15:52:33","guid":{"rendered":"http:\/\/sportprobrno.cz\/toitoicup\/?page_id=13"},"modified":"2015-10-13T08:55:30","modified_gmt":"2015-10-13T07:55:30","slug":"program","status":"publish","type":"page","link":"http:\/\/sportprobrno.cz\/toitoicup\/program\/","title":{"rendered":"Program"},"content":{"rendered":"<p><strong>Startovn\u00ed \u010d\u00edsla: <\/strong><\/p>\n<p>V kancel\u00e1\u0159i z\u00e1vodu dne 28.11.2015 od 8:30 hodin.<\/p>\n<p>V\u00fddej startovn\u00edch \u010d\u00edsel pro ml\u00e1de\u017enick\u00e9 kategorie nejpozd\u011bji do 9:30 hodin, pro kategorii \u017eeny nejpozd\u011bji do 11:30 hodin a pro kategorii MASTERS nejpozd\u011bji do 13:00 hodin.<\/p>\n<p>&nbsp;<\/p>\n<p><strong>Program:<\/strong><\/p>\n<p>10:00 hodin\u00a0\u00a0\u00a0 \u017d\u00c1CI STAR\u0160\u00cd (spole\u010dn\u011b \u017e\u00e1ci star\u0161\u00ed + \u017e\u00e1ci mlad\u0161\u00ed)\u00a0 KADETKY (spole\u010dn\u011b kadetky a \u017e\u00e1kyn\u011b)<\/p>\n<p>10:45 hodin \u00a0\u00a0 KADETI<\/p>\n<p>11:35 hodin\u00a0\u00a0\u00a0 JUNIO\u0158I<\/p>\n<p>12:30 hodin\u00a0\u00a0\u00a0 \u017dENY (\u017eeny Elite a \u017eeny do 23 let)<\/p>\n<p>14:00 hodin\u00a0\u00a0\u00a0 MASTERS<\/p>\n","protected":false},"excerpt":{"rendered":"<p>Startovn\u00ed \u010d\u00edsla: V kancel\u00e1\u0159i z\u00e1vodu dne 28.11.2015 od 8:30 hodin. V\u00fddej startovn\u00edch \u010d\u00edsel pro ml\u00e1de\u017enick\u00e9 kategorie nejpozd\u011bji do 9:30 hodin, pro kategorii \u017eeny nejpozd\u011bji do 11:30 hodin a pro kategorii MASTERS nejpozd\u011bji do 13:00 hodin. &nbsp; Program: 10:00 hodin\u00a0\u00a0\u00a0 \u017d\u00c1CI STAR\u0160\u00cd (spole\u010dn\u011b \u017e\u00e1ci star\u0161\u00ed + \u017e\u00e1ci mlad\u0161\u00ed)\u00a0 KADETKY (spole\u010dn\u011b kadetky a \u017e\u00e1kyn\u011b) 10:45 hodin \u00a0\u00a0<\/p>\n<p><a href=\"http:\/\/sportprobrno.cz\/toitoicup\/program\/\" class=\"more-link themebutton\">Read More<\/a><\/p>\n","protected":false},"author":1,"featured_media":0,"parent":0,"menu_order":0,"comment_status":"open","ping_status":"open","template":"","meta":[],"_links":{"self":[{"href":"http:\/\/sportprobrno.cz\/toitoicup\/wp-json\/wp\/v2\/pages\/13"}],"collection":[{"href":"http:\/\/sportprobrno.cz\/toitoicup\/wp-json\/wp\/v2\/pages"}],"about":[{"href":"http:\/\/sportprobrno.cz\/toitoicup\/wp-json\/wp\/v2\/types\/page"}],"author":[{"embeddable":true,"href":"http:\/\/sportprobrno.cz\/toitoicup\/wp-json\/wp\/v2\/users\/1"}],"replies":[{"embeddable":true,"href":"http:\/\/sportprobrno.cz\/toitoicup\/wp-json\/wp\/v2\/comments?post=13"}],"version-history":[{"count":3,"href":"http:\/\/sportprobrno.cz\/toitoicup\/wp-json\/wp\/v2\/pages\/13\/revisions"}],"predecessor-version":[{"id":48,"href":"http:\/\/sportprobrno.cz\/toitoicup\/wp-json\/wp\/v2\/pages\/13\/revisions\/48"}],"wp:attachment":[{"href":"http:\/\/sportprobrno.cz\/toitoicup\/wp-json\/wp\/v2\/media?parent=13"}],"curies":[{"name":"wp","href":"https:\/\/api.w.org\/{rel}","templated":true}]}}