{"id":20,"date":"2016-09-02T15:59:19","date_gmt":"2016-09-02T14:59:19","guid":{"rendered":"http:\/\/sportprobrno.cz\/sportcentrummladeze\/?page_id=20"},"modified":"2017-10-22T15:28:18","modified_gmt":"2017-10-22T14:28:18","slug":"kontakty","status":"publish","type":"page","link":"http:\/\/sportprobrno.cz\/sportcentrummladeze\/kontakty\/","title":{"rendered":"Kontakty"},"content":{"rendered":"<p><strong>Sport pro Brno, z.s.<\/strong><\/p>\n<p>Marie Steyskalov\u00e9 64, 616 00 Brno<\/p>\n<p>I\u010c 227 50 266<\/p>\n<p><strong>Lubom\u00edr Vidl\u00e1k<\/strong><\/p>\n<p>vidlak@sportprobrno.cz<\/p>\n<p>+420 605 432 220<\/p>\n<p>&nbsp;<\/p>\n<p><strong>Hlavn\u00ed tren\u00e9r Centra:<\/strong><\/p>\n<p><strong>Lucie Vesel\u00e1<\/strong><\/p>\n<p>mtbtrener@gmail.com<\/p>\n<p>+420 606 644 211<\/p>\n<p>&nbsp;<\/p>\n<p>&nbsp;<\/p>\n<p>&nbsp;<\/p>\n","protected":false},"excerpt":{"rendered":"<p>Sport pro Brno, z.s. Marie Steyskalov\u00e9 64, 616 00 Brno I\u010c 227 50 266 Lubom\u00edr Vidl\u00e1k vidlak@sportprobrno.cz +420 605 432 220 &nbsp; Hlavn\u00ed tren\u00e9r Centra: Lucie Vesel\u00e1 mtbtrener@gmail.com +420 606 644 211 &nbsp; &nbsp; &nbsp;<\/p>\n","protected":false},"author":2,"featured_media":0,"parent":0,"menu_order":0,"comment_status":"closed","ping_status":"closed","template":"","meta":[],"_links":{"self":[{"href":"http:\/\/sportprobrno.cz\/sportcentrummladeze\/wp-json\/wp\/v2\/pages\/20"}],"collection":[{"href":"http:\/\/sportprobrno.cz\/sportcentrummladeze\/wp-json\/wp\/v2\/pages"}],"about":[{"href":"http:\/\/sportprobrno.cz\/sportcentrummladeze\/wp-json\/wp\/v2\/types\/page"}],"author":[{"embeddable":true,"href":"http:\/\/sportprobrno.cz\/sportcentrummladeze\/wp-json\/wp\/v2\/users\/2"}],"replies":[{"embeddable":true,"href":"http:\/\/sportprobrno.cz\/sportcentrummladeze\/wp-json\/wp\/v2\/comments?post=20"}],"version-history":[{"count":4,"href":"http:\/\/sportprobrno.cz\/sportcentrummladeze\/wp-json\/wp\/v2\/pages\/20\/revisions"}],"predecessor-version":[{"id":102,"href":"http:\/\/sportprobrno.cz\/sportcentrummladeze\/wp-json\/wp\/v2\/pages\/20\/revisions\/102"}],"wp:attachment":[{"href":"http:\/\/sportprobrno.cz\/sportcentrummladeze\/wp-json\/wp\/v2\/media?parent=20"}],"curies":[{"name":"wp","href":"https:\/\/api.w.org\/{rel}","templated":true}]}}