{"id":27,"date":"2017-03-29T14:11:27","date_gmt":"2017-03-29T13:11:27","guid":{"rendered":"http:\/\/sportprobrno.cz\/odm\/?page_id=27"},"modified":"2017-04-22T19:20:19","modified_gmt":"2017-04-22T18:20:19","slug":"trat","status":"publish","type":"page","link":"http:\/\/sportprobrno.cz\/odm\/trat\/","title":{"rendered":"Tra\u0165"},"content":{"rendered":"<p><a href=\"http:\/\/sportprobrno.cz\/odm\/wp-content\/uploads\/sites\/9\/2017\/03\/trat_mcr_ml_st_zaci1.jpg\"><img loading=\"lazy\" class=\"alignnone size-medium wp-image-64\" src=\"http:\/\/sportprobrno.cz\/odm\/wp-content\/uploads\/sites\/9\/2017\/03\/trat_mcr_ml_st_zaci1-300x169.jpg\" alt=\"trat_mcr_ml_st_zaci\" width=\"300\" height=\"169\" srcset=\"http:\/\/sportprobrno.cz\/odm\/wp-content\/uploads\/sites\/9\/2017\/03\/trat_mcr_ml_st_zaci1-300x169.jpg 300w, http:\/\/sportprobrno.cz\/odm\/wp-content\/uploads\/sites\/9\/2017\/03\/trat_mcr_ml_st_zaci1-1024x578.jpg 1024w, http:\/\/sportprobrno.cz\/odm\/wp-content\/uploads\/sites\/9\/2017\/03\/trat_mcr_ml_st_zaci1.jpg 1554w\" sizes=\"(max-width: 300px) 100vw, 300px\" \/><\/a>Tra\u0165 pro ODM je shodn\u00e1 s trat\u00ed \u010cesk\u00e9ho poh\u00e1ru 2017 pro kategorii star\u0161\u00edch \u017ea\u010dek a \u017e\u00e1k\u016f.<\/p>\n<p>&nbsp;<\/p>\n","protected":false},"excerpt":{"rendered":"<p>Tra\u0165 pro ODM je shodn\u00e1 s trat\u00ed \u010cesk\u00e9ho poh\u00e1ru 2017 pro kategorii star\u0161\u00edch \u017ea\u010dek a \u017e\u00e1k\u016f. &nbsp;<\/p>\n","protected":false},"author":1,"featured_media":0,"parent":0,"menu_order":0,"comment_status":"closed","ping_status":"closed","template":"","meta":[],"_links":{"self":[{"href":"http:\/\/sportprobrno.cz\/odm\/wp-json\/wp\/v2\/pages\/27"}],"collection":[{"href":"http:\/\/sportprobrno.cz\/odm\/wp-json\/wp\/v2\/pages"}],"about":[{"href":"http:\/\/sportprobrno.cz\/odm\/wp-json\/wp\/v2\/types\/page"}],"author":[{"embeddable":true,"href":"http:\/\/sportprobrno.cz\/odm\/wp-json\/wp\/v2\/users\/1"}],"replies":[{"embeddable":true,"href":"http:\/\/sportprobrno.cz\/odm\/wp-json\/wp\/v2\/comments?post=27"}],"version-history":[{"count":5,"href":"http:\/\/sportprobrno.cz\/odm\/wp-json\/wp\/v2\/pages\/27\/revisions"}],"predecessor-version":[{"id":65,"href":"http:\/\/sportprobrno.cz\/odm\/wp-json\/wp\/v2\/pages\/27\/revisions\/65"}],"wp:attachment":[{"href":"http:\/\/sportprobrno.cz\/odm\/wp-json\/wp\/v2\/media?parent=27"}],"curies":[{"name":"wp","href":"https:\/\/api.w.org\/{rel}","templated":true}]}}