{"id":25,"date":"2017-03-29T14:11:11","date_gmt":"2017-03-29T13:11:11","guid":{"rendered":"http:\/\/sportprobrno.cz\/odm\/?page_id=25"},"modified":"2017-03-30T13:28:14","modified_gmt":"2017-03-30T12:28:14","slug":"harmonogram","status":"publish","type":"page","link":"http:\/\/sportprobrno.cz\/odm\/harmonogram\/","title":{"rendered":"Harmonogram"},"content":{"rendered":"<p><strong>Rozpis z\u00e1vodu:<\/strong><br \/>\n25. 6. 2017<br \/>\n8:30 \u2013 9:30 tr\u00e9nink<br \/>\n10:00 Porada<br \/>\n11:00 z\u00e1vod st.\u017e\u00e1kyn\u011b, st. \u017d\u00e1ci<\/p>\n<p>11:30 z\u00e1vod kadetky, kadeti<\/p>\n<p>hned po dojezdu z\u00e1vodu kadetek a kadet\u016f bude v m\u00edst\u011b startu a c\u00edle kv\u011btinov\u00fd ceremoni\u00e1l v\u0161ech z\u00e1vod\u016f.<\/p>\n","protected":false},"excerpt":{"rendered":"<p>Rozpis z\u00e1vodu: 25. 6. 2017 8:30 \u2013 9:30 tr\u00e9nink 10:00 Porada 11:00 z\u00e1vod st.\u017e\u00e1kyn\u011b, st. \u017d\u00e1ci 11:30 z\u00e1vod kadetky, kadeti hned po dojezdu z\u00e1vodu kadetek a kadet\u016f bude v m\u00edst\u011b startu a c\u00edle kv\u011btinov\u00fd ceremoni\u00e1l v\u0161ech z\u00e1vod\u016f.<\/p>\n","protected":false},"author":1,"featured_media":0,"parent":0,"menu_order":0,"comment_status":"closed","ping_status":"closed","template":"","meta":[],"_links":{"self":[{"href":"http:\/\/sportprobrno.cz\/odm\/wp-json\/wp\/v2\/pages\/25"}],"collection":[{"href":"http:\/\/sportprobrno.cz\/odm\/wp-json\/wp\/v2\/pages"}],"about":[{"href":"http:\/\/sportprobrno.cz\/odm\/wp-json\/wp\/v2\/types\/page"}],"author":[{"embeddable":true,"href":"http:\/\/sportprobrno.cz\/odm\/wp-json\/wp\/v2\/users\/1"}],"replies":[{"embeddable":true,"href":"http:\/\/sportprobrno.cz\/odm\/wp-json\/wp\/v2\/comments?post=25"}],"version-history":[{"count":4,"href":"http:\/\/sportprobrno.cz\/odm\/wp-json\/wp\/v2\/pages\/25\/revisions"}],"predecessor-version":[{"id":56,"href":"http:\/\/sportprobrno.cz\/odm\/wp-json\/wp\/v2\/pages\/25\/revisions\/56"}],"wp:attachment":[{"href":"http:\/\/sportprobrno.cz\/odm\/wp-json\/wp\/v2\/media?parent=25"}],"curies":[{"name":"wp","href":"https:\/\/api.w.org\/{rel}","templated":true}]}}