{"id":18,"date":"2017-03-28T15:28:57","date_gmt":"2017-03-28T14:28:57","guid":{"rendered":"http:\/\/sportprobrno.cz\/odm\/?page_id=18"},"modified":"2017-03-29T23:09:41","modified_gmt":"2017-03-29T22:09:41","slug":"kontakt","status":"publish","type":"page","link":"http:\/\/sportprobrno.cz\/odm\/kontakt\/","title":{"rendered":"Kontakt"},"content":{"rendered":"<p>Sport pro Brno, z.s.<\/p>\n<p>Marie Steyskalov\u00e9 64<\/p>\n<p>61600 Brno<\/p>\n<p>I\u010c 22750266<br \/>\nkontakt: Ing. Lubom\u00edr Vidl\u00e1k,<\/p>\n<p>tel.: 605 432\u00a0220,<\/p>\n<p>vidlak@sportprobrno.cz<\/p>\n","protected":false},"excerpt":{"rendered":"<p>Sport pro Brno, z.s. Marie Steyskalov\u00e9 64 61600 Brno I\u010c 22750266 kontakt: Ing. Lubom\u00edr Vidl\u00e1k, tel.: 605 432\u00a0220, vidlak@sportprobrno.cz<\/p>\n","protected":false},"author":1,"featured_media":0,"parent":0,"menu_order":0,"comment_status":"closed","ping_status":"closed","template":"","meta":[],"_links":{"self":[{"href":"http:\/\/sportprobrno.cz\/odm\/wp-json\/wp\/v2\/pages\/18"}],"collection":[{"href":"http:\/\/sportprobrno.cz\/odm\/wp-json\/wp\/v2\/pages"}],"about":[{"href":"http:\/\/sportprobrno.cz\/odm\/wp-json\/wp\/v2\/types\/page"}],"author":[{"embeddable":true,"href":"http:\/\/sportprobrno.cz\/odm\/wp-json\/wp\/v2\/users\/1"}],"replies":[{"embeddable":true,"href":"http:\/\/sportprobrno.cz\/odm\/wp-json\/wp\/v2\/comments?post=18"}],"version-history":[{"count":3,"href":"http:\/\/sportprobrno.cz\/odm\/wp-json\/wp\/v2\/pages\/18\/revisions"}],"predecessor-version":[{"id":48,"href":"http:\/\/sportprobrno.cz\/odm\/wp-json\/wp\/v2\/pages\/18\/revisions\/48"}],"wp:attachment":[{"href":"http:\/\/sportprobrno.cz\/odm\/wp-json\/wp\/v2\/media?parent=18"}],"curies":[{"name":"wp","href":"https:\/\/api.w.org\/{rel}","templated":true}]}}