{"id":27,"date":"2017-04-21T08:12:51","date_gmt":"2017-04-21T07:12:51","guid":{"rendered":"http:\/\/sportprobrno.cz\/brnenskypohar\/?page_id=27"},"modified":"2017-04-21T20:54:56","modified_gmt":"2017-04-21T19:54:56","slug":"kontakt","status":"publish","type":"page","link":"http:\/\/sportprobrno.cz\/brnenskypohar\/kontakt\/","title":{"rendered":"Kontakt"},"content":{"rendered":"<table summary=\"\">\n<thead>\n<tr>\n<td abbr=\"\"><strong>SPORT PRO BRNO, z.s.<\/strong><\/td>\n<td width=\"450\"><strong>po\u0159adatel z\u00e1vodu<\/strong><\/td>\n<\/tr>\n<\/thead>\n<tbody>\n<tr>\n<td>I\u010cO:<\/td>\n<td>22750266<\/td>\n<\/tr>\n<tr>\n<td>\u0159editel z\u00e1vodu<\/td>\n<td>ing.Lubom\u00edr Vidl\u00e1k<\/td>\n<\/tr>\n<tr>\n<td>adresa:<\/td>\n<td>Marie Steyskalov\u00e9 64<\/td>\n<\/tr>\n<tr>\n<td><\/td>\n<td>616 00 Brno<\/td>\n<\/tr>\n<tr>\n<td>telefon:<\/td>\n<td>+420 605 432 220<\/td>\n<\/tr>\n<tr>\n<td>e-mail:<\/td>\n<td><a>vidlak((at))sportprobrno.cz<\/a><\/td>\n<\/tr>\n<\/tbody>\n<\/table>\n","protected":false},"excerpt":{"rendered":"<p>SPORT PRO BRNO, z.s. po\u0159adatel z\u00e1vodu I\u010cO: 22750266 \u0159editel z\u00e1vodu ing.Lubom\u00edr Vidl\u00e1k adresa: Marie Steyskalov\u00e9 64 616 00 Brno telefon: +420 605 432 220 e-mail: vidlak((at))sportprobrno.cz<\/p>\n","protected":false},"author":1,"featured_media":0,"parent":0,"menu_order":0,"comment_status":"closed","ping_status":"open","template":"","meta":[],"_links":{"self":[{"href":"http:\/\/sportprobrno.cz\/brnenskypohar\/wp-json\/wp\/v2\/pages\/27"}],"collection":[{"href":"http:\/\/sportprobrno.cz\/brnenskypohar\/wp-json\/wp\/v2\/pages"}],"about":[{"href":"http:\/\/sportprobrno.cz\/brnenskypohar\/wp-json\/wp\/v2\/types\/page"}],"author":[{"embeddable":true,"href":"http:\/\/sportprobrno.cz\/brnenskypohar\/wp-json\/wp\/v2\/users\/1"}],"replies":[{"embeddable":true,"href":"http:\/\/sportprobrno.cz\/brnenskypohar\/wp-json\/wp\/v2\/comments?post=27"}],"version-history":[{"count":2,"href":"http:\/\/sportprobrno.cz\/brnenskypohar\/wp-json\/wp\/v2\/pages\/27\/revisions"}],"predecessor-version":[{"id":45,"href":"http:\/\/sportprobrno.cz\/brnenskypohar\/wp-json\/wp\/v2\/pages\/27\/revisions\/45"}],"wp:attachment":[{"href":"http:\/\/sportprobrno.cz\/brnenskypohar\/wp-json\/wp\/v2\/media?parent=27"}],"curies":[{"name":"wp","href":"https:\/\/api.w.org\/{rel}","templated":true}]}}