{"id":19,"date":"2017-04-21T08:03:30","date_gmt":"2017-04-21T07:03:30","guid":{"rendered":"http:\/\/sportprobrno.cz\/brnenskypohar\/?page_id=19"},"modified":"2017-05-11T21:24:50","modified_gmt":"2017-05-11T20:24:50","slug":"propozice","status":"publish","type":"page","link":"http:\/\/sportprobrno.cz\/brnenskypohar\/propozice\/","title":{"rendered":"Propozice BPHK a MTB Liga"},"content":{"rendered":"<p><b>N\u00e1zev:<\/b> <strong>Brn\u011bnsk\u00fd poh\u00e1r horsk\u00fdch kol &#8211; BPHK 2017<\/strong><\/p>\n<p><b>Seznam z\u00e1vod\u016f: <\/b> V p\u0159\u00edpad\u011b, \u017ee je u jednotliv\u00fdch z\u00e1vod\u016f k dispozici v\u00edce variant (d\u00e9lek) trat\u00ed, bude v propozic\u00edch jednotliv\u00fdch z\u00e1vod\u016f uvedeno, kter\u00e1 tra\u0165 bude pro kterou kategorii ur\u010dena jako poh\u00e1rov\u00e1.<\/p>\n<p><b>Term\u00edn:<\/b> 2017<\/p>\n<p><b>Po\u0159adatel:<\/b> Sport pro Brno z.s. &#8211; BPHK, + po\u0159adatel\u00e9 jednotliv\u00fdch z\u00e1vod\u016f<\/p>\n<p><b>Startovn\u00e9:<\/b> Jednotliv\u011b dle propozic jednotliv\u00fdch z\u00e1vod\u016f.<\/p>\n<p><b>Prezentace:<\/b> Jednotliv\u011b dle propozic jednotliv\u00fdch z\u00e1vod\u016f.<\/p>\n<p><b>\u010casom\u00edra:<\/b><\/p>\n<ul>\n<li>m\u011b\u0159en\u00ed \u010das\u016f bude provedeno dle po\u0159adatel\u016f jednotliv\u00fdch z\u00e1vod\u016f<\/li>\n<li>v\u00fdsledkov\u00e9 listiny BPHK budou k dispozici v menu <strong><a href=\"http:\/\/www.brnensky-pohar.cz\/index.php?id=vysledky\">&#8222;V\u00fdsledky&#8220;<\/a><\/strong><\/li>\n<\/ul>\n<p><b>Kategorie BPHK:<\/b><\/p>\n<p><b>Mu\u017ei<\/b><\/p>\n<ul>\n<li>\u00a0junio\u0159i 17 &#8211; 18 let (1999-2000)<\/li>\n<li>\u00a0M29 (19-29 let, 98-88)<\/li>\n<li>M39 (30-39 let, 87-78)<\/li>\n<li>M49 (40-49 let, 77-68)<\/li>\n<li>M50+ (mu\u017ei star\u0161\u00ed 50 let, ro\u010d. 67 a star\u0161\u00ed)<\/li>\n<\/ul>\n<p><b>\u017deny<\/b><\/p>\n<ul>\n<li>juniorky 17 &#8211; 18 let (1999-2000)<\/li>\n<li>Z39 (19-39 let, 98-78)<\/li>\n<li>\u017d40+ (\u017eeny star\u0161\u00ed 40 let, 77 a star\u0161\u00ed)<\/li>\n<\/ul>\n<p>&nbsp;<\/p>\n<p><strong>Kategorie MTB LIGA 2017<\/strong><\/p>\n<ul>\n<li>Mu\u017ei a \u017eeny dle BPHK<\/li>\n<\/ul>\n<p>nav\u00edc roz\u0161\u00ed\u0159en\u00e9 o kategorie d\u011bt\u00ed a ml\u00e1de\u017ee:<\/p>\n<ul>\n<li>Odr\u00e1\u017eedla &#8211; do 4 let, kluci holky dohromady<\/li>\n<li>Kola &#8211; do 4 let kluci holky dohromady<\/li>\n<li>5 &#8211; 6 let (2011-2012), kluci\/holky zvl\u00e1\u0161\u0165<\/li>\n<li>7 &#8211; 8 let (2009-2010kluci\/holky zvl\u00e1\u0161\u0165<\/li>\n<li>9 &#8211; 10 let (2007-2008) kluci\/holky zvl\u00e1\u0161\u0165<\/li>\n<li>ml.\u017e\u00e1ci\/kyn\u011b 11 &#8211; 12 let (2005-2006)<\/li>\n<li>st. \u017e\u00e1ci\/kyn\u011b 13 &#8211; 14 let (2003-2004)<\/li>\n<li>kadeti\/tky 15 &#8211; 16 let (2001-2002)<\/li>\n<\/ul>\n<p><strong>\u010casov\u00fd harmonogram MTB Ligy:<\/strong><\/p>\n<p>Parkov\u00e1n\u00ed vozidel: <strong><a href=\"https:\/\/mapy.cz\/s\/1DAF4\" target=\"_blank\">ZDE<\/a><\/strong><\/p>\n<p>15:00 hod.\u00a0\u00a0\u00a0\u00a0\u00a0\u00a0\u00a0\u00a0\u00a0\u00a0 Prezence v m\u00edst\u011b startu, <strong><a href=\"https:\/\/mapy.cz\/s\/EfWb\" target=\"_blank\">https:\/\/mapy.cz\/s\/EfWb<\/a><\/strong><\/p>\n<p>16:15 hod.\u00a0\u00a0\u00a0\u00a0\u00a0\u00a0\u00a0\u00a0\u00a0\u00a0\u00a0 Chlapci a d\u00edvky 7-8, 9-10 let<\/p>\n<p>16:35 hod.\u00a0\u00a0\u00a0\u00a0\u00a0\u00a0\u00a0\u00a0\u00a0\u00a0 Mlad\u0161\u00ed \u017e\u00e1ci, \u017e\u00e1kyn\u011b 11-12 let<br \/>\nStar\u0161\u00ed \u017e\u00e1ci, \u017e\u00e1kyn\u011b 13-14 let<\/p>\n<p>17:15 hod.\u00a0\u00a0\u00a0\u00a0\u00a0\u00a0\u00a0\u00a0\u00a0\u00a0\u00a0 Odr\u00e1\u017eedla<br \/>\nChlapci a d\u00edvky do 6 let<\/p>\n<p>17:30 hod.\u00a0\u00a0\u00a0\u00a0\u00a0\u00a0\u00a0\u00a0\u00a0\u00a0 Vyhl\u00e1\u0161en\u00ed v\u00fdsledk\u016f<\/p>\n<p>18:00 hod.\u00a0\u00a0\u00a0\u00a0\u00a0\u00a0\u00a0\u00a0\u00a0\u00a0 Kadetky 15-16 let<br \/>\nKadeti 15-16 let<br \/>\nJuniorky 17-18 let<br \/>\nJunio\u0159i 17-18 let<br \/>\nMu\u017ei 19-29 let<br \/>\nMu\u017ei 30-39 let<\/p>\n<p>18:05 hod.\u00a0\u00a0\u00a0\u00a0\u00a0\u00a0\u00a0\u00a0\u00a0\u00a0\u00a0 Mu\u017ei Masters 40-49 let<br \/>\nMu\u017ei Masters nad 50 let<br \/>\n\u017deny 19-39 let<br \/>\n\u017deny nad 40 let<\/p>\n<p>19:15 hod.\u00a0\u00a0\u00a0\u00a0\u00a0\u00a0\u00a0\u00a0\u00a0\u00a0 Vyhl\u00e1\u0161en\u00ed v\u00fdsledk\u016f<\/p>\n<p>&nbsp;<\/p>\n<p>&nbsp;<\/p>\n<p><b>Bodov\u00e1n\u00ed:<\/b><\/p>\n<table>\n<tbody>\n<tr>\n<td>\u00a0<b>Po\u0159ad\u00ed:<\/b><\/td>\n<td>1.<\/td>\n<td>2.<\/td>\n<td>3.<\/td>\n<td>4.<\/td>\n<td>5.<\/td>\n<td>6.<\/td>\n<td>7.<\/td>\n<td>8.<\/td>\n<td>9.<\/td>\n<td>10.<\/td>\n<td>+1*<\/td>\n<\/tr>\n<tr>\n<td>\u00a0<b>Body:<\/b><\/td>\n<td>100<\/td>\n<td>91<\/td>\n<td>83<\/td>\n<td>76<\/td>\n<td>70<\/td>\n<td>65<\/td>\n<td>61<\/td>\n<td>58<\/td>\n<td>56<\/td>\n<td>55<\/td>\n<td>-1*<\/td>\n<\/tr>\n<\/tbody>\n<\/table>\n<p><b>Bodov\u00e1n\u00ed z\u00e1vod\u016f MTB Ligy:<\/b><\/p>\n<table>\n<tbody>\n<tr>\n<td>\u00a0<b>Po\u0159adi:<\/b><\/td>\n<td>1.<\/td>\n<td>2.<\/td>\n<td>3.<\/td>\n<td>4.<\/td>\n<td>5.<\/td>\n<td>6.<\/td>\n<td>7.<\/td>\n<td>8.<\/td>\n<td>9.<\/td>\n<td>10.<\/td>\n<td>+1*<\/td>\n<\/tr>\n<tr>\n<td>\u00a0<b>Body:<\/b><\/td>\n<td>70<\/td>\n<td>64<\/td>\n<td>58<\/td>\n<td>53<\/td>\n<td>48<\/td>\n<td>44<\/td>\n<td>41<\/td>\n<td>39<\/td>\n<td>37<\/td>\n<td>36<\/td>\n<td>-1*<\/td>\n<\/tr>\n<\/tbody>\n<\/table>\n<p>*11. a ka\u017ed\u00e9 dal\u0161\u00ed m\u00edsto kles\u00e1 ohodnocen\u00ed o 1 bod (a\u017e do 64m\u00edsta) 64. m\u00edsto a d\u00e1l 1bod<br \/>\n* z\u00e1vodn\u00edci, kte\u0159\u00ed z\u00e1vod nedokon\u010d\u00ed projet\u00edm c\u00edlem po pr\u016fjezdu prvn\u00edho z\u00e1vodn\u00edka budou m\u00edt 0 bod\u016f. DNF<\/p>\n<p><b>Hodnocen\u00ed:<\/b> V BPHK bude hodnocen ka\u017ed\u00fd z\u00e1vodn\u00edk, kter\u00fd se z\u00fa\u010dastn\u00ed alespo\u0148 3 z\u00e1vod\u016f z\u00e1kladn\u00ed skupiny. Do celkov\u00e9ho hodnocen\u00ed se budou ka\u017ed\u00e9mu \u00fa\u010dastn\u00edkovi po\u010d\u00edtat 5 nejlep\u0161\u00edch um\u00edst\u011bn\u00ed v z\u00e1vodech z\u00e1kladn\u00ed skupiny a 3 nejlep\u0161\u00ed um\u00edst\u011bn\u00ed ze z\u00e1vod\u016f MTB Ligy.<\/p>\n<p><b>P\u0159ihl\u00e1\u0161ky:<\/b> Pro jednotliv\u00e9 z\u00e1vody: dle propozic jednotliv\u00fdch z\u00e1vod\u016f.<\/p>\n<p><b>Vyhl\u00e1\u0161en\u00ed:<\/b> <b>Vyhl\u00e1\u0161en\u00ed v\u00fdsledk\u016f prob\u011bhne na velodromu Favoritu Brno po skon\u010den\u00ed seri\u00e1lu. Term\u00edn bude ozn\u00e1men nejpozd\u011bji na posledn\u00edm z\u00e1vod\u011b seri\u00e1lu.<\/b><\/p>\n<p>&nbsp;<\/p>\n<p>&nbsp;<\/p>\n","protected":false},"excerpt":{"rendered":"<p>N\u00e1zev: Brn\u011bnsk\u00fd poh\u00e1r horsk\u00fdch kol &#8211; BPHK 2017 Seznam z\u00e1vod\u016f: V p\u0159\u00edpad\u011b, \u017ee je u jednotliv\u00fdch z\u00e1vod\u016f k dispozici v\u00edce variant (d\u00e9lek) trat\u00ed, bude v propozic\u00edch jednotliv\u00fdch z\u00e1vod\u016f uvedeno, kter\u00e1 tra\u0165 bude pro kterou kategorii ur\u010dena jako poh\u00e1rov\u00e1. Term\u00edn: 2017 Po\u0159adatel: Sport pro Brno z.s. &#8211; BPHK, + po\u0159adatel\u00e9 jednotliv\u00fdch z\u00e1vod\u016f Startovn\u00e9: Jednotliv\u011b dle propozic<\/p>\n<p><a href=\"http:\/\/sportprobrno.cz\/brnenskypohar\/propozice\/\" class=\"more-link themebutton\">Read More<\/a><\/p>\n","protected":false},"author":1,"featured_media":0,"parent":0,"menu_order":0,"comment_status":"closed","ping_status":"open","template":"","meta":[],"_links":{"self":[{"href":"http:\/\/sportprobrno.cz\/brnenskypohar\/wp-json\/wp\/v2\/pages\/19"}],"collection":[{"href":"http:\/\/sportprobrno.cz\/brnenskypohar\/wp-json\/wp\/v2\/pages"}],"about":[{"href":"http:\/\/sportprobrno.cz\/brnenskypohar\/wp-json\/wp\/v2\/types\/page"}],"author":[{"embeddable":true,"href":"http:\/\/sportprobrno.cz\/brnenskypohar\/wp-json\/wp\/v2\/users\/1"}],"replies":[{"embeddable":true,"href":"http:\/\/sportprobrno.cz\/brnenskypohar\/wp-json\/wp\/v2\/comments?post=19"}],"version-history":[{"count":13,"href":"http:\/\/sportprobrno.cz\/brnenskypohar\/wp-json\/wp\/v2\/pages\/19\/revisions"}],"predecessor-version":[{"id":61,"href":"http:\/\/sportprobrno.cz\/brnenskypohar\/wp-json\/wp\/v2\/pages\/19\/revisions\/61"}],"wp:attachment":[{"href":"http:\/\/sportprobrno.cz\/brnenskypohar\/wp-json\/wp\/v2\/media?parent=19"}],"curies":[{"name":"wp","href":"https:\/\/api.w.org\/{rel}","templated":true}]}}