{"id":21,"date":"2015-04-20T12:55:31","date_gmt":"2015-04-20T11:55:31","guid":{"rendered":"http:\/\/sportprobrno.cz\/bikearena\/?page_id=21"},"modified":"2015-06-29T22:10:24","modified_gmt":"2015-06-29T21:10:24","slug":"fotogalerie","status":"publish","type":"page","link":"http:\/\/sportprobrno.cz\/bikearena\/fotogalerie\/","title":{"rendered":"Po\u010das\u00ed"},"content":{"rendered":"<p>P\u0159edpov\u011b\u010f \u010cesk\u00e9ho hydrometeorologick\u00e9ho \u00fastavu je <a href=\"http:\/\/www.chmi.cz\/files\/portal\/docs\/meteo\/ov\/aladin\/results\/public\/meteogramy\/meteogram_page_portal\/m.html\"><strong>ZDE<\/strong><\/a>. Do lokality zadejte Brno- \u017dabov\u0159esky.<\/p>\n<p>&nbsp;<\/p>\n<p>P\u0159edpov\u011b\u010f Meteo blue je <a title=\"Meteo blue\" href=\"https:\/\/www.meteoblue.com\/en_GB\/weather\/forecast\/week\/brno_cz_1785\"><strong>ZDE.<\/strong><\/a><\/p>\n","protected":false},"excerpt":{"rendered":"<p>P\u0159edpov\u011b\u010f \u010cesk\u00e9ho hydrometeorologick\u00e9ho \u00fastavu je ZDE. Do lokality zadejte Brno- \u017dabov\u0159esky. &nbsp; P\u0159edpov\u011b\u010f Meteo blue je ZDE.<\/p>\n","protected":false},"author":1,"featured_media":0,"parent":0,"menu_order":70,"comment_status":"closed","ping_status":"closed","template":"","meta":[],"_links":{"self":[{"href":"http:\/\/sportprobrno.cz\/bikearena\/wp-json\/wp\/v2\/pages\/21"}],"collection":[{"href":"http:\/\/sportprobrno.cz\/bikearena\/wp-json\/wp\/v2\/pages"}],"about":[{"href":"http:\/\/sportprobrno.cz\/bikearena\/wp-json\/wp\/v2\/types\/page"}],"author":[{"embeddable":true,"href":"http:\/\/sportprobrno.cz\/bikearena\/wp-json\/wp\/v2\/users\/1"}],"replies":[{"embeddable":true,"href":"http:\/\/sportprobrno.cz\/bikearena\/wp-json\/wp\/v2\/comments?post=21"}],"version-history":[{"count":7,"href":"http:\/\/sportprobrno.cz\/bikearena\/wp-json\/wp\/v2\/pages\/21\/revisions"}],"predecessor-version":[{"id":48,"href":"http:\/\/sportprobrno.cz\/bikearena\/wp-json\/wp\/v2\/pages\/21\/revisions\/48"}],"wp:attachment":[{"href":"http:\/\/sportprobrno.cz\/bikearena\/wp-json\/wp\/v2\/media?parent=21"}],"curies":[{"name":"wp","href":"https:\/\/api.w.org\/{rel}","templated":true}]}}